{"id":4229,"date":"2026-04-10T12:47:36","date_gmt":"2026-04-10T12:47:36","guid":{"rendered":"https:\/\/congresodelacarne.com\/2026\/?page_id=4229"},"modified":"2026-04-10T12:47:36","modified_gmt":"2026-04-10T12:47:36","slug":"roberto-salcedo-meza","status":"publish","type":"page","link":"https:\/\/congresodelacarne.com\/2026\/roberto-salcedo-meza\/","title":{"rendered":"Roberto Salcedo Meza"},"content":{"rendered":"<div class=\"fusion-fullwidth fullwidth-box fusion-builder-row-1 fusion-flex-container has-pattern-background has-mask-background fusion-parallax-none nonhundred-percent-fullwidth non-hundred-percent-height-scrolling lazyload\" style=\"--awb-background-position:center bottom;--awb-border-radius-top-left:0px;--awb-border-radius-top-right:0px;--awb-border-radius-bottom-right:0px;--awb-border-radius-bottom-left:0px;--awb-padding-top:90px;--awb-padding-bottom:130px;--awb-background-size:cover;--awb-flex-wrap:wrap;\" data-bg=\"https:\/\/congresodelacarne.com\/2026\/wp-content\/uploads\/2025\/11\/CIC26-Fondo_7.webp\" ><div class=\"fusion-builder-row fusion-row fusion-flex-align-items-flex-start fusion-flex-justify-content-center fusion-flex-content-wrap\" style=\"max-width:1372.8px;margin-left: calc(-4% \/ 2 );margin-right: calc(-4% \/ 2 );\"><div class=\"fusion-layout-column fusion_builder_column fusion-builder-column-0 fusion_builder_column_1_3 1_3 fusion-flex-column fusion-animated\" style=\"--awb-bg-color:var(--awb-color1);--awb-bg-color-hover:var(--awb-color1);--awb-bg-size:cover;--awb-width-large:33.333333333333%;--awb-margin-top-large:0px;--awb-spacing-right-large:5.76%;--awb-margin-bottom-large:20px;--awb-spacing-left-large:5.76%;--awb-width-medium:33.333333333333%;--awb-order-medium:0;--awb-spacing-right-medium:5.76%;--awb-spacing-left-medium:5.76%;--awb-width-small:100%;--awb-order-small:0;--awb-spacing-right-small:1.92%;--awb-spacing-left-small:1.92%;\" data-animationType=\"fadeInRight\" data-animationDuration=\"1.0\" data-animationOffset=\"top-into-view\"><div class=\"fusion-column-wrapper fusion-column-has-shadow fusion-flex-justify-content-flex-start fusion-content-layout-column\"><div class=\"fusion-image-element \" style=\"--awb-caption-title-font-family:var(--h2_typography-font-family);--awb-caption-title-font-weight:var(--h2_typography-font-weight);--awb-caption-title-font-style:var(--h2_typography-font-style);--awb-caption-title-size:var(--h2_typography-font-size);--awb-caption-title-transform:var(--h2_typography-text-transform);--awb-caption-title-line-height:var(--h2_typography-line-height);--awb-caption-title-letter-spacing:var(--h2_typography-letter-spacing);\"><span class=\" fusion-imageframe imageframe-none imageframe-1 hover-type-none\"><img decoding=\"async\" width=\"1536\" height=\"1024\" title=\"Confe_RobertoSalcedo\" src=\"https:\/\/congresodelacarne.com\/2026\/wp-content\/uploads\/2026\/04\/Confe_RobertoSalcedo.webp\" data-orig-src=\"https:\/\/congresodelacarne.com\/2026\/wp-content\/uploads\/2026\/04\/Confe_RobertoSalcedo.webp\" alt class=\"lazyload img-responsive wp-image-4230\" srcset=\"data:image\/svg+xml,%3Csvg%20xmlns%3D%27http%3A%2F%2Fwww.w3.org%2F2000%2Fsvg%27%20width%3D%271536%27%20height%3D%271024%27%20viewBox%3D%270%200%201536%201024%27%3E%3Crect%20width%3D%271536%27%20height%3D%271024%27%20fill-opacity%3D%220%22%2F%3E%3C%2Fsvg%3E\" data-srcset=\"https:\/\/congresodelacarne.com\/2026\/wp-content\/uploads\/2026\/04\/Confe_RobertoSalcedo-200x133.webp 200w, https:\/\/congresodelacarne.com\/2026\/wp-content\/uploads\/2026\/04\/Confe_RobertoSalcedo-400x267.webp 400w, https:\/\/congresodelacarne.com\/2026\/wp-content\/uploads\/2026\/04\/Confe_RobertoSalcedo-600x400.webp 600w, https:\/\/congresodelacarne.com\/2026\/wp-content\/uploads\/2026\/04\/Confe_RobertoSalcedo-800x533.webp 800w, https:\/\/congresodelacarne.com\/2026\/wp-content\/uploads\/2026\/04\/Confe_RobertoSalcedo-1200x800.webp 1200w, https:\/\/congresodelacarne.com\/2026\/wp-content\/uploads\/2026\/04\/Confe_RobertoSalcedo.webp 1536w\" data-sizes=\"auto\" data-orig-sizes=\"(max-width: 850px) 100vw, 400px\" \/><\/span><\/div><\/div><\/div><div class=\"fusion-layout-column fusion_builder_column fusion-builder-column-1 fusion_builder_column_2_3 2_3 fusion-flex-column fusion-animated\" style=\"--awb-padding-right:25px;--awb-bg-size:cover;--awb-width-large:66.666666666667%;--awb-margin-top-large:0px;--awb-spacing-right-large:2.88%;--awb-margin-bottom-large:20px;--awb-spacing-left-large:2.88%;--awb-width-medium:66.666666666667%;--awb-order-medium:0;--awb-spacing-right-medium:2.88%;--awb-spacing-left-medium:2.88%;--awb-width-small:100%;--awb-order-small:0;--awb-spacing-right-small:1.92%;--awb-spacing-left-small:1.92%;\" data-animationType=\"fadeInLeft\" data-animationDuration=\"1.0\" data-animationOffset=\"top-into-view\"><div class=\"fusion-column-wrapper fusion-column-has-shadow fusion-flex-justify-content-flex-start fusion-content-layout-column\"><div class=\"fusion-title title fusion-title-1 fusion-sep-none fusion-title-center fusion-title-text fusion-title-size-two\" style=\"--awb-text-color:var(--awb-color5);\"><h2 class=\"fusion-title-heading title-heading-center\" style=\"margin:0;\"><p style=\"text-align: left;\">Roberto Salcedo Meza<\/p><\/h2><\/div><div class=\"fusion-text fusion-text-1 fusion-text-no-margin\" style=\"--awb-content-alignment:left;--awb-text-color:var(--awb-color7);--awb-margin-bottom:45px;\"><p>Concluy\u00f3 la licenciatura en Medicina Veterinaria y Zootecnia en 1984 en la Universidad Michoacana de San Nicol\u00e1s de Hidalgo, titul\u00e1ndose con Menci\u00f3n Honor\u00edfica.<br \/>\nRealiz\u00f3 la Maestr\u00eda en Ciencias en Producci\u00f3n Animal Tropical en Nutrici\u00f3n de Rumiantes, en La Universidad Aut\u00f3noma de Yucat\u00e1n.<br \/>\nRecibi\u00f3 el grado de Doctor en Ciencias en Nutrici\u00f3n de rumiantes en 2010 en el Centro de Investigaci\u00f3n y Estudios Avanzados del Instituto Polit\u00e9cnico Nacional.<br \/>\nFue miembro del Sistema Nacional de Investigadores.<br \/>\nEs miembro de la Asociaci\u00f3n Mexicana de Especialistas en Nutrici\u00f3n Animal. Ha laborado durante los \u00faltimos 26 a\u00f1os para Nutrientes B\u00e1sicos de Monterrey S.A. de C.V., donde se desempe\u00f1a como consultor en nutrici\u00f3n del ganado y tiene responsabilidad directa en la alimentaci\u00f3n y manejo de diversas engordas en M\u00e9xico, en las cuales se finalizan m\u00e1s de medio mill\u00f3n de cabezas por a\u00f1o.<\/p>\n<\/div><\/div><\/div><\/div><\/div>\n","protected":false},"excerpt":{"rendered":"","protected":false},"author":1,"featured_media":0,"parent":0,"menu_order":0,"comment_status":"closed","ping_status":"closed","template":"100-width.php","meta":{"footnotes":""},"class_list":["post-4229","page","type-page","status-publish","hentry"],"_links":{"self":[{"href":"https:\/\/congresodelacarne.com\/2026\/wp-json\/wp\/v2\/pages\/4229","targetHints":{"allow":["GET"]}}],"collection":[{"href":"https:\/\/congresodelacarne.com\/2026\/wp-json\/wp\/v2\/pages"}],"about":[{"href":"https:\/\/congresodelacarne.com\/2026\/wp-json\/wp\/v2\/types\/page"}],"author":[{"embeddable":true,"href":"https:\/\/congresodelacarne.com\/2026\/wp-json\/wp\/v2\/users\/1"}],"replies":[{"embeddable":true,"href":"https:\/\/congresodelacarne.com\/2026\/wp-json\/wp\/v2\/comments?post=4229"}],"version-history":[{"count":2,"href":"https:\/\/congresodelacarne.com\/2026\/wp-json\/wp\/v2\/pages\/4229\/revisions"}],"predecessor-version":[{"id":4232,"href":"https:\/\/congresodelacarne.com\/2026\/wp-json\/wp\/v2\/pages\/4229\/revisions\/4232"}],"wp:attachment":[{"href":"https:\/\/congresodelacarne.com\/2026\/wp-json\/wp\/v2\/media?parent=4229"}],"curies":[{"name":"wp","href":"https:\/\/api.w.org\/{rel}","templated":true}]}}