{"id":4222,"date":"2026-04-10T12:45:00","date_gmt":"2026-04-10T12:45:00","guid":{"rendered":"https:\/\/congresodelacarne.com\/2026\/?page_id=4222"},"modified":"2026-04-10T12:45:00","modified_gmt":"2026-04-10T12:45:00","slug":"moises-montano-bermudez","status":"publish","type":"page","link":"https:\/\/congresodelacarne.com\/2026\/moises-montano-bermudez\/","title":{"rendered":"Mois\u00e9s Monta\u00f1o Berm\u00fadez"},"content":{"rendered":"<div class=\"fusion-fullwidth fullwidth-box fusion-builder-row-1 fusion-flex-container has-pattern-background has-mask-background fusion-parallax-none nonhundred-percent-fullwidth non-hundred-percent-height-scrolling lazyload\" style=\"--awb-background-position:center bottom;--awb-border-radius-top-left:0px;--awb-border-radius-top-right:0px;--awb-border-radius-bottom-right:0px;--awb-border-radius-bottom-left:0px;--awb-padding-top:90px;--awb-padding-bottom:130px;--awb-background-size:cover;--awb-flex-wrap:wrap;\" data-bg=\"https:\/\/congresodelacarne.com\/2026\/wp-content\/uploads\/2025\/11\/CIC26-Fondo_7.webp\" ><div class=\"fusion-builder-row fusion-row fusion-flex-align-items-flex-start fusion-flex-justify-content-center fusion-flex-content-wrap\" style=\"max-width:1372.8px;margin-left: calc(-4% \/ 2 );margin-right: calc(-4% \/ 2 );\"><div class=\"fusion-layout-column fusion_builder_column fusion-builder-column-0 fusion_builder_column_1_3 1_3 fusion-flex-column fusion-animated\" style=\"--awb-bg-color:var(--awb-color1);--awb-bg-color-hover:var(--awb-color1);--awb-bg-size:cover;--awb-width-large:33.333333333333%;--awb-margin-top-large:0px;--awb-spacing-right-large:5.76%;--awb-margin-bottom-large:20px;--awb-spacing-left-large:5.76%;--awb-width-medium:33.333333333333%;--awb-order-medium:0;--awb-spacing-right-medium:5.76%;--awb-spacing-left-medium:5.76%;--awb-width-small:100%;--awb-order-small:0;--awb-spacing-right-small:1.92%;--awb-spacing-left-small:1.92%;\" data-animationType=\"fadeInRight\" data-animationDuration=\"1.0\" data-animationOffset=\"top-into-view\"><div class=\"fusion-column-wrapper fusion-column-has-shadow fusion-flex-justify-content-flex-start fusion-content-layout-column\"><div class=\"fusion-image-element \" style=\"--awb-caption-title-font-family:var(--h2_typography-font-family);--awb-caption-title-font-weight:var(--h2_typography-font-weight);--awb-caption-title-font-style:var(--h2_typography-font-style);--awb-caption-title-size:var(--h2_typography-font-size);--awb-caption-title-transform:var(--h2_typography-text-transform);--awb-caption-title-line-height:var(--h2_typography-line-height);--awb-caption-title-letter-spacing:var(--h2_typography-letter-spacing);\"><span class=\" fusion-imageframe imageframe-none imageframe-1 hover-type-none\"><img decoding=\"async\" width=\"1536\" height=\"1024\" title=\"Confe_MoisesMontano\" src=\"https:\/\/congresodelacarne.com\/2026\/wp-content\/uploads\/2026\/04\/Confe_MoisesMontano.webp\" data-orig-src=\"https:\/\/congresodelacarne.com\/2026\/wp-content\/uploads\/2026\/04\/Confe_MoisesMontano.webp\" alt class=\"lazyload img-responsive wp-image-4223\" srcset=\"data:image\/svg+xml,%3Csvg%20xmlns%3D%27http%3A%2F%2Fwww.w3.org%2F2000%2Fsvg%27%20width%3D%271536%27%20height%3D%271024%27%20viewBox%3D%270%200%201536%201024%27%3E%3Crect%20width%3D%271536%27%20height%3D%271024%27%20fill-opacity%3D%220%22%2F%3E%3C%2Fsvg%3E\" data-srcset=\"https:\/\/congresodelacarne.com\/2026\/wp-content\/uploads\/2026\/04\/Confe_MoisesMontano-200x133.webp 200w, https:\/\/congresodelacarne.com\/2026\/wp-content\/uploads\/2026\/04\/Confe_MoisesMontano-400x267.webp 400w, https:\/\/congresodelacarne.com\/2026\/wp-content\/uploads\/2026\/04\/Confe_MoisesMontano-600x400.webp 600w, https:\/\/congresodelacarne.com\/2026\/wp-content\/uploads\/2026\/04\/Confe_MoisesMontano-800x533.webp 800w, https:\/\/congresodelacarne.com\/2026\/wp-content\/uploads\/2026\/04\/Confe_MoisesMontano-1200x800.webp 1200w, https:\/\/congresodelacarne.com\/2026\/wp-content\/uploads\/2026\/04\/Confe_MoisesMontano.webp 1536w\" data-sizes=\"auto\" data-orig-sizes=\"(max-width: 850px) 100vw, 400px\" \/><\/span><\/div><\/div><\/div><div class=\"fusion-layout-column fusion_builder_column fusion-builder-column-1 fusion_builder_column_2_3 2_3 fusion-flex-column fusion-animated\" style=\"--awb-padding-right:25px;--awb-bg-size:cover;--awb-width-large:66.666666666667%;--awb-margin-top-large:0px;--awb-spacing-right-large:2.88%;--awb-margin-bottom-large:20px;--awb-spacing-left-large:2.88%;--awb-width-medium:66.666666666667%;--awb-order-medium:0;--awb-spacing-right-medium:2.88%;--awb-spacing-left-medium:2.88%;--awb-width-small:100%;--awb-order-small:0;--awb-spacing-right-small:1.92%;--awb-spacing-left-small:1.92%;\" data-animationType=\"fadeInLeft\" data-animationDuration=\"1.0\" data-animationOffset=\"top-into-view\"><div class=\"fusion-column-wrapper fusion-column-has-shadow fusion-flex-justify-content-flex-start fusion-content-layout-column\"><div class=\"fusion-title title fusion-title-1 fusion-sep-none fusion-title-center fusion-title-text fusion-title-size-two\" style=\"--awb-text-color:var(--awb-color5);\"><h2 class=\"fusion-title-heading title-heading-center\" style=\"margin:0;\"><p style=\"text-align: left;\">Mois\u00e9s Monta\u00f1o Berm\u00fadez<\/p><\/h2><\/div><div class=\"fusion-text fusion-text-1 fusion-text-no-margin\" style=\"--awb-content-alignment:left;--awb-text-color:var(--awb-color7);--awb-margin-bottom:45px;\"><p>M\u00e9dico Veterinario Zootecnista de la Universidad de Guadalajara (1972), Master of Science de Colorado State University (1975) con especialidad en Gen\u00e9tica y Mejoramiento Animal y Doctor of Philosophy de University of Nebraska-Lincoln (1987) con especialidad en Gen\u00e9tica y Mejoramiento Animal. Investigador Titular C en el Centro Nacional de Investigaciones Disciplinarias en Fisiolog\u00eda y Mejoramiento Animal del INIFAP, con 50 a\u00f1os de antig\u00fcedad. L\u00edder del Programa Nacional de Investigaciones en Cane de bovino del INIFAP de dic de 2022 a la fecha. Profesor de Posgrado de la Facultad de Estudios Superiores de Cuautitl\u00e1n de la Universidad Nacional Aut\u00f3noma de M\u00e9xico, con 50 a\u00f1os de antig\u00fcedad. He dirigido 14 tesis de Licenciatura, 16 de Maestr\u00eda y 3 de Doctorado. He publicado \u00a065 art\u00edculos cient\u00edficos y 35 t\u00e9cnicos, adem\u00e1s de m\u00e1s de 230 res\u00famenes en congresos nacionales e internacionales. Miembro del Sistema Nacional de Investigadores Nivel II. Recib\u00ed la Medalla Presidencial al M\u00e9rito Ganadero y el Reconocimiento al M\u00e9rito Pecuario, en 2018 y la Medalla Nayarit, premio estatal de Ciencia y Tecnolog\u00eda en 2019.<\/p>\n<\/div><\/div><\/div><\/div><\/div>\n","protected":false},"excerpt":{"rendered":"","protected":false},"author":1,"featured_media":0,"parent":0,"menu_order":0,"comment_status":"closed","ping_status":"closed","template":"100-width.php","meta":{"footnotes":""},"class_list":["post-4222","page","type-page","status-publish","hentry"],"_links":{"self":[{"href":"https:\/\/congresodelacarne.com\/2026\/wp-json\/wp\/v2\/pages\/4222","targetHints":{"allow":["GET"]}}],"collection":[{"href":"https:\/\/congresodelacarne.com\/2026\/wp-json\/wp\/v2\/pages"}],"about":[{"href":"https:\/\/congresodelacarne.com\/2026\/wp-json\/wp\/v2\/types\/page"}],"author":[{"embeddable":true,"href":"https:\/\/congresodelacarne.com\/2026\/wp-json\/wp\/v2\/users\/1"}],"replies":[{"embeddable":true,"href":"https:\/\/congresodelacarne.com\/2026\/wp-json\/wp\/v2\/comments?post=4222"}],"version-history":[{"count":1,"href":"https:\/\/congresodelacarne.com\/2026\/wp-json\/wp\/v2\/pages\/4222\/revisions"}],"predecessor-version":[{"id":4224,"href":"https:\/\/congresodelacarne.com\/2026\/wp-json\/wp\/v2\/pages\/4222\/revisions\/4224"}],"wp:attachment":[{"href":"https:\/\/congresodelacarne.com\/2026\/wp-json\/wp\/v2\/media?parent=4222"}],"curies":[{"name":"wp","href":"https:\/\/api.w.org\/{rel}","templated":true}]}}