{"id":4211,"date":"2026-04-08T18:24:30","date_gmt":"2026-04-08T18:24:30","guid":{"rendered":"https:\/\/congresodelacarne.com\/2026\/?page_id=4211"},"modified":"2026-04-08T18:26:44","modified_gmt":"2026-04-08T18:26:44","slug":"dra-maria-salud-rubio","status":"publish","type":"page","link":"https:\/\/congresodelacarne.com\/2026\/dra-maria-salud-rubio\/","title":{"rendered":"Dra. Mar\u00eda Salud Rubio"},"content":{"rendered":"<div class=\"fusion-fullwidth fullwidth-box fusion-builder-row-1 fusion-flex-container has-pattern-background has-mask-background fusion-parallax-none nonhundred-percent-fullwidth non-hundred-percent-height-scrolling lazyload\" style=\"--awb-background-position:center bottom;--awb-border-radius-top-left:0px;--awb-border-radius-top-right:0px;--awb-border-radius-bottom-right:0px;--awb-border-radius-bottom-left:0px;--awb-padding-top:90px;--awb-padding-bottom:130px;--awb-background-size:cover;--awb-flex-wrap:wrap;\" data-bg=\"https:\/\/congresodelacarne.com\/2026\/wp-content\/uploads\/2025\/11\/CIC26-Fondo_7.webp\" ><div class=\"fusion-builder-row fusion-row fusion-flex-align-items-flex-start fusion-flex-justify-content-center fusion-flex-content-wrap\" style=\"max-width:1372.8px;margin-left: calc(-4% \/ 2 );margin-right: calc(-4% \/ 2 );\"><div class=\"fusion-layout-column fusion_builder_column fusion-builder-column-0 fusion_builder_column_1_3 1_3 fusion-flex-column fusion-animated\" style=\"--awb-bg-color:var(--awb-color1);--awb-bg-color-hover:var(--awb-color1);--awb-bg-size:cover;--awb-width-large:33.333333333333%;--awb-margin-top-large:0px;--awb-spacing-right-large:5.76%;--awb-margin-bottom-large:20px;--awb-spacing-left-large:5.76%;--awb-width-medium:33.333333333333%;--awb-order-medium:0;--awb-spacing-right-medium:5.76%;--awb-spacing-left-medium:5.76%;--awb-width-small:100%;--awb-order-small:0;--awb-spacing-right-small:1.92%;--awb-spacing-left-small:1.92%;\" data-animationType=\"fadeInRight\" data-animationDuration=\"1.0\" data-animationOffset=\"top-into-view\"><div class=\"fusion-column-wrapper fusion-column-has-shadow fusion-flex-justify-content-flex-start fusion-content-layout-column\"><div class=\"fusion-image-element \" style=\"--awb-caption-title-font-family:var(--h2_typography-font-family);--awb-caption-title-font-weight:var(--h2_typography-font-weight);--awb-caption-title-font-style:var(--h2_typography-font-style);--awb-caption-title-size:var(--h2_typography-font-size);--awb-caption-title-transform:var(--h2_typography-text-transform);--awb-caption-title-line-height:var(--h2_typography-line-height);--awb-caption-title-letter-spacing:var(--h2_typography-letter-spacing);\"><span class=\" fusion-imageframe imageframe-none imageframe-1 hover-type-none\"><img decoding=\"async\" width=\"1536\" height=\"1024\" title=\"Ponente_MariaSalud\" src=\"https:\/\/congresodelacarne.com\/2026\/wp-content\/uploads\/2026\/04\/Ponente_MariaSalud.webp\" data-orig-src=\"https:\/\/congresodelacarne.com\/2026\/wp-content\/uploads\/2026\/04\/Ponente_MariaSalud.webp\" alt class=\"lazyload img-responsive wp-image-4200\" srcset=\"data:image\/svg+xml,%3Csvg%20xmlns%3D%27http%3A%2F%2Fwww.w3.org%2F2000%2Fsvg%27%20width%3D%271536%27%20height%3D%271024%27%20viewBox%3D%270%200%201536%201024%27%3E%3Crect%20width%3D%271536%27%20height%3D%271024%27%20fill-opacity%3D%220%22%2F%3E%3C%2Fsvg%3E\" data-srcset=\"https:\/\/congresodelacarne.com\/2026\/wp-content\/uploads\/2026\/04\/Ponente_MariaSalud-200x133.webp 200w, https:\/\/congresodelacarne.com\/2026\/wp-content\/uploads\/2026\/04\/Ponente_MariaSalud-400x267.webp 400w, https:\/\/congresodelacarne.com\/2026\/wp-content\/uploads\/2026\/04\/Ponente_MariaSalud-600x400.webp 600w, https:\/\/congresodelacarne.com\/2026\/wp-content\/uploads\/2026\/04\/Ponente_MariaSalud-800x533.webp 800w, https:\/\/congresodelacarne.com\/2026\/wp-content\/uploads\/2026\/04\/Ponente_MariaSalud-1200x800.webp 1200w, https:\/\/congresodelacarne.com\/2026\/wp-content\/uploads\/2026\/04\/Ponente_MariaSalud.webp 1536w\" data-sizes=\"auto\" data-orig-sizes=\"(max-width: 850px) 100vw, 400px\" \/><\/span><\/div><\/div><\/div><div class=\"fusion-layout-column fusion_builder_column fusion-builder-column-1 fusion_builder_column_2_3 2_3 fusion-flex-column fusion-animated\" style=\"--awb-padding-right:25px;--awb-bg-size:cover;--awb-width-large:66.666666666667%;--awb-margin-top-large:0px;--awb-spacing-right-large:2.88%;--awb-margin-bottom-large:20px;--awb-spacing-left-large:2.88%;--awb-width-medium:66.666666666667%;--awb-order-medium:0;--awb-spacing-right-medium:2.88%;--awb-spacing-left-medium:2.88%;--awb-width-small:100%;--awb-order-small:0;--awb-spacing-right-small:1.92%;--awb-spacing-left-small:1.92%;\" data-animationType=\"fadeInLeft\" data-animationDuration=\"1.0\" data-animationOffset=\"top-into-view\"><div class=\"fusion-column-wrapper fusion-column-has-shadow fusion-flex-justify-content-flex-start fusion-content-layout-column\"><div class=\"fusion-title title fusion-title-1 fusion-sep-none fusion-title-center fusion-title-text fusion-title-size-two\" style=\"--awb-text-color:var(--awb-color5);\"><h2 class=\"fusion-title-heading title-heading-center\" style=\"margin:0;\"><p style=\"text-align: left;\">Dra. Mar\u00eda Salud Rubio<\/p><\/h2><\/div><div class=\"fusion-text fusion-text-1 fusion-text-no-margin\" style=\"--awb-content-alignment:left;--awb-text-color:var(--awb-color7);--awb-margin-bottom:45px;\"><p>La Dra. Rubio es Profesora de la Facultad de Medicina Veterinaria y Zootecnia de la UNAM. Es Licenciatura en Veterinaria con Especialidad en Tecnolog\u00eda de los Alimentos en la Facultad de Veterinaria de C\u00f3rdoba, Espa\u00f1a. Posteriormente realiz\u00f3 su doctorado en Ciencia de la Carne en la Universidad de Texas A&amp;M, EEUU (1990-95).<\/p>\n<p>Actualmente, imparte clases de Licenciatura (Pr\u00e1cticas en Inocuidad y Calidad de Productos y Subproductos Pecuarios) y de Posgrado (Ciencia de la Carne) en FMVZ-UNAM. Sus l\u00edneas de investigaci\u00f3n dentro del campo de la Ciencia de la Carne son: Calidad y Rendimiento de carne de especies de abasto Inocuidad de productos de origen animal Calidad de carne y bienestar animal Sostenibilidad de la producci\u00f3n c\u00e1rnica mexicana<\/p>\n<p>La investigaci\u00f3n realizada ha servido para formar a m\u00e1s de 120 estudiantes tanto en Tesis de Licenciatura y de Posgrado y cuyos resultados han sido publicados en revistas especializadas tanto nacionales como internacionales. Tambi\u00e9n ha impartido m\u00e1s de 200 conferencias nacionales e internacionales. Adem\u00e1s, durante su trayectoria ha dirigido mas de 50 proyectos nacionales e internacionales.<\/p>\n<p>Ha sido asesora en numerosas empresas nacionales e internacionales, al igual que organizaciones gremiales y gubernamentales. La Doctora Rubio realiza una gran difusi\u00f3n de la ciencia y ha sido asesora en numerosas empresas en su \u00e1rea de trabajo.<\/p>\n<p>Su involucramiento en la sostenibilidad la llevo a hacer una estancia con el Doc Mark Post en Paises Bajos; el Doctor Post es el primer investigador que produjo una hamburguesa artificial. Desde entonces la Doc Rubio ha trabajado en el \u00e1rea. Adem\u00e1s fund\u00f3, junto con otros investigadores e inversores, Forma Food, una Startup que trabaj\u00f3 durante dos a\u00f1os investigaci\u00f3n celular e bioimpresi\u00f3n para realizar carne cultivada.<\/p>\n<p><strong>Expectativa medi\u00e1tica:<\/strong><\/p>\n<p>Esperamos que la doctora Salud nos brinde informaci\u00f3n clave sobre las virtudes de aplicar bienestar animal en la producci\u00f3n de c\u00e1rnicos de bovino en M\u00e9xico. Su trayectoria s\u00f3lida constituye un referente acad\u00e9mico y de vanguardia en la implementaci\u00f3n de tecnolog\u00edas y aspectos productivos de gran importancia y utilidad para la industria c\u00e1rnica global.<\/p>\n<\/div><\/div><\/div><\/div><\/div>\n","protected":false},"excerpt":{"rendered":"","protected":false},"author":1,"featured_media":0,"parent":0,"menu_order":0,"comment_status":"closed","ping_status":"closed","template":"100-width.php","meta":{"footnotes":""},"class_list":["post-4211","page","type-page","status-publish","hentry"],"_links":{"self":[{"href":"https:\/\/congresodelacarne.com\/2026\/wp-json\/wp\/v2\/pages\/4211","targetHints":{"allow":["GET"]}}],"collection":[{"href":"https:\/\/congresodelacarne.com\/2026\/wp-json\/wp\/v2\/pages"}],"about":[{"href":"https:\/\/congresodelacarne.com\/2026\/wp-json\/wp\/v2\/types\/page"}],"author":[{"embeddable":true,"href":"https:\/\/congresodelacarne.com\/2026\/wp-json\/wp\/v2\/users\/1"}],"replies":[{"embeddable":true,"href":"https:\/\/congresodelacarne.com\/2026\/wp-json\/wp\/v2\/comments?post=4211"}],"version-history":[{"count":1,"href":"https:\/\/congresodelacarne.com\/2026\/wp-json\/wp\/v2\/pages\/4211\/revisions"}],"predecessor-version":[{"id":4212,"href":"https:\/\/congresodelacarne.com\/2026\/wp-json\/wp\/v2\/pages\/4211\/revisions\/4212"}],"wp:attachment":[{"href":"https:\/\/congresodelacarne.com\/2026\/wp-json\/wp\/v2\/media?parent=4211"}],"curies":[{"name":"wp","href":"https:\/\/api.w.org\/{rel}","templated":true}]}}