{"id":4209,"date":"2026-04-08T18:19:57","date_gmt":"2026-04-08T18:19:57","guid":{"rendered":"https:\/\/congresodelacarne.com\/2026\/?page_id=4209"},"modified":"2026-04-08T18:19:57","modified_gmt":"2026-04-08T18:19:57","slug":"alberto-vega-aguilar","status":"publish","type":"page","link":"https:\/\/congresodelacarne.com\/2026\/alberto-vega-aguilar\/","title":{"rendered":"Alberto Vega Aguilar"},"content":{"rendered":"<div class=\"fusion-fullwidth fullwidth-box fusion-builder-row-1 fusion-flex-container has-pattern-background has-mask-background fusion-parallax-none nonhundred-percent-fullwidth non-hundred-percent-height-scrolling lazyload\" style=\"--awb-background-position:center bottom;--awb-border-radius-top-left:0px;--awb-border-radius-top-right:0px;--awb-border-radius-bottom-right:0px;--awb-border-radius-bottom-left:0px;--awb-padding-top:90px;--awb-padding-bottom:130px;--awb-background-size:cover;--awb-flex-wrap:wrap;\" data-bg=\"https:\/\/congresodelacarne.com\/2026\/wp-content\/uploads\/2025\/11\/CIC26-Fondo_7.webp\" ><div class=\"fusion-builder-row fusion-row fusion-flex-align-items-flex-start fusion-flex-justify-content-center fusion-flex-content-wrap\" style=\"max-width:1372.8px;margin-left: calc(-4% \/ 2 );margin-right: calc(-4% \/ 2 );\"><div class=\"fusion-layout-column fusion_builder_column fusion-builder-column-0 fusion_builder_column_1_3 1_3 fusion-flex-column fusion-animated\" style=\"--awb-bg-color:var(--awb-color1);--awb-bg-color-hover:var(--awb-color1);--awb-bg-size:cover;--awb-width-large:33.333333333333%;--awb-margin-top-large:0px;--awb-spacing-right-large:5.76%;--awb-margin-bottom-large:20px;--awb-spacing-left-large:5.76%;--awb-width-medium:33.333333333333%;--awb-order-medium:0;--awb-spacing-right-medium:5.76%;--awb-spacing-left-medium:5.76%;--awb-width-small:100%;--awb-order-small:0;--awb-spacing-right-small:1.92%;--awb-spacing-left-small:1.92%;\" data-animationType=\"fadeInRight\" data-animationDuration=\"1.0\" data-animationOffset=\"top-into-view\"><div class=\"fusion-column-wrapper fusion-column-has-shadow fusion-flex-justify-content-flex-start fusion-content-layout-column\"><div class=\"fusion-image-element \" style=\"--awb-caption-title-font-family:var(--h2_typography-font-family);--awb-caption-title-font-weight:var(--h2_typography-font-weight);--awb-caption-title-font-style:var(--h2_typography-font-style);--awb-caption-title-size:var(--h2_typography-font-size);--awb-caption-title-transform:var(--h2_typography-text-transform);--awb-caption-title-line-height:var(--h2_typography-line-height);--awb-caption-title-letter-spacing:var(--h2_typography-letter-spacing);\"><span class=\" fusion-imageframe imageframe-none imageframe-1 hover-type-none\"><img decoding=\"async\" width=\"1536\" height=\"1024\" title=\"Ponente_AlbertoVega\" src=\"https:\/\/congresodelacarne.com\/2026\/wp-content\/uploads\/2026\/04\/Ponente_AlbertoVega.webp\" data-orig-src=\"https:\/\/congresodelacarne.com\/2026\/wp-content\/uploads\/2026\/04\/Ponente_AlbertoVega.webp\" alt class=\"lazyload img-responsive wp-image-4199\" srcset=\"data:image\/svg+xml,%3Csvg%20xmlns%3D%27http%3A%2F%2Fwww.w3.org%2F2000%2Fsvg%27%20width%3D%271536%27%20height%3D%271024%27%20viewBox%3D%270%200%201536%201024%27%3E%3Crect%20width%3D%271536%27%20height%3D%271024%27%20fill-opacity%3D%220%22%2F%3E%3C%2Fsvg%3E\" data-srcset=\"https:\/\/congresodelacarne.com\/2026\/wp-content\/uploads\/2026\/04\/Ponente_AlbertoVega-200x133.webp 200w, https:\/\/congresodelacarne.com\/2026\/wp-content\/uploads\/2026\/04\/Ponente_AlbertoVega-400x267.webp 400w, https:\/\/congresodelacarne.com\/2026\/wp-content\/uploads\/2026\/04\/Ponente_AlbertoVega-600x400.webp 600w, https:\/\/congresodelacarne.com\/2026\/wp-content\/uploads\/2026\/04\/Ponente_AlbertoVega-800x533.webp 800w, https:\/\/congresodelacarne.com\/2026\/wp-content\/uploads\/2026\/04\/Ponente_AlbertoVega-1200x800.webp 1200w, https:\/\/congresodelacarne.com\/2026\/wp-content\/uploads\/2026\/04\/Ponente_AlbertoVega.webp 1536w\" data-sizes=\"auto\" data-orig-sizes=\"(max-width: 850px) 100vw, 400px\" \/><\/span><\/div><\/div><\/div><div class=\"fusion-layout-column fusion_builder_column fusion-builder-column-1 fusion_builder_column_2_3 2_3 fusion-flex-column fusion-animated\" style=\"--awb-padding-right:25px;--awb-bg-size:cover;--awb-width-large:66.666666666667%;--awb-margin-top-large:0px;--awb-spacing-right-large:2.88%;--awb-margin-bottom-large:20px;--awb-spacing-left-large:2.88%;--awb-width-medium:66.666666666667%;--awb-order-medium:0;--awb-spacing-right-medium:2.88%;--awb-spacing-left-medium:2.88%;--awb-width-small:100%;--awb-order-small:0;--awb-spacing-right-small:1.92%;--awb-spacing-left-small:1.92%;\" data-animationType=\"fadeInLeft\" data-animationDuration=\"1.0\" data-animationOffset=\"top-into-view\"><div class=\"fusion-column-wrapper fusion-column-has-shadow fusion-flex-justify-content-flex-start fusion-content-layout-column\"><div class=\"fusion-title title fusion-title-1 fusion-sep-none fusion-title-center fusion-title-text fusion-title-size-two\" style=\"--awb-text-color:var(--awb-color5);\"><h2 class=\"fusion-title-heading title-heading-center\" style=\"margin:0;\"><p style=\"text-align: left;\">Alberto Vega Aguilar<\/p><\/h2><\/div><div class=\"fusion-text fusion-text-1 fusion-text-no-margin\" style=\"--awb-content-alignment:left;--awb-text-color:var(--awb-color7);--awb-margin-bottom:45px;\"><p>Consultor empresarial certificado con m\u00e1s de dos d\u00e9cadas de experiencia en direcci\u00f3n, estructuraci\u00f3n financiera, agronegocios y desarrollo estrat\u00e9gico de negocios, con trayectoria relevante en el sector agroalimentario.<\/p>\n<p>Es Licenciado en Administraci\u00f3n y Finanzas por la Universidad de Occidente; cuenta con estudios de Alta Direcci\u00f3n en el Tecnol\u00f3gico de Monterrey, y especializaci\u00f3n en Agronegocios a trav\u00e9s de programas acad\u00e9micos de Harvard Business School, Arizona State University\u2013Tec de Monterrey, asimismo curso el Programa de Alta Direcci\u00f3n en Cadena Agroalimentaria de IPADE.<\/p>\n<p>A lo largo de su trayectoria ha ocupado cargos como Director de Oferta Exportable de la Secretar\u00eda de Desarrollo Econ\u00f3mico del Estado de Sinaloa, Director de Agronegocios de CAADES, Director General de AARC del R\u00edo Culiac\u00e1n y de Apoyo M\u00faltiple, as\u00ed como fundador y Director de Gesti\u00f3n Empresarial y Gubernamental A.C. desde 2011.<\/p>\n<p>Destaca por sus habilidades en evaluaci\u00f3n de proyectos, financiamiento, comercio exterior, gesti\u00f3n de riesgos de materias primas, diligencia debida (due Diligence), cumplimiento regulatorio y trazabilidad. Entre sus principales logros sobresalen la gesti\u00f3n de financiamiento por m\u00e1s de 3,000 millones de pesos, el dise\u00f1o y liderazgo del Foro Internacional del Ma\u00edz, y el desarrollo de planes de negocio de exportaci\u00f3n para BANCOMEXT.<\/p>\n<p><strong>Expectativa medi\u00e1tica:<\/strong><\/p>\n<p>Con la participaci\u00f3n del lic. Alberto Vega, contaremos con los avances de primera mano que la AMEG realiza en materia de combate a la narrativa del carbono, a trav\u00e9s del desarrollo del proyecto AMEG-Carbono Negativo 2026-2030, estrategia implementada en conjunto con el FIRA para integrar a la cadena productiva de la carne en M\u00e9xico, en un proyecto que ejecute estrategias de mitigaci\u00f3n de gases de efecto invernadero, con la finalidad de aumentar la productividad del sistema vaca-becerro, considerando a los eslabones primario y secundario de la producci\u00f3n de carne en M\u00e9xico.<\/p>\n<\/div><\/div><\/div><\/div><\/div>\n","protected":false},"excerpt":{"rendered":"","protected":false},"author":1,"featured_media":0,"parent":0,"menu_order":0,"comment_status":"closed","ping_status":"closed","template":"100-width.php","meta":{"footnotes":""},"class_list":["post-4209","page","type-page","status-publish","hentry"],"_links":{"self":[{"href":"https:\/\/congresodelacarne.com\/2026\/wp-json\/wp\/v2\/pages\/4209","targetHints":{"allow":["GET"]}}],"collection":[{"href":"https:\/\/congresodelacarne.com\/2026\/wp-json\/wp\/v2\/pages"}],"about":[{"href":"https:\/\/congresodelacarne.com\/2026\/wp-json\/wp\/v2\/types\/page"}],"author":[{"embeddable":true,"href":"https:\/\/congresodelacarne.com\/2026\/wp-json\/wp\/v2\/users\/1"}],"replies":[{"embeddable":true,"href":"https:\/\/congresodelacarne.com\/2026\/wp-json\/wp\/v2\/comments?post=4209"}],"version-history":[{"count":1,"href":"https:\/\/congresodelacarne.com\/2026\/wp-json\/wp\/v2\/pages\/4209\/revisions"}],"predecessor-version":[{"id":4210,"href":"https:\/\/congresodelacarne.com\/2026\/wp-json\/wp\/v2\/pages\/4209\/revisions\/4210"}],"wp:attachment":[{"href":"https:\/\/congresodelacarne.com\/2026\/wp-json\/wp\/v2\/media?parent=4209"}],"curies":[{"name":"wp","href":"https:\/\/api.w.org\/{rel}","templated":true}]}}