{"id":4169,"date":"2026-03-31T17:13:55","date_gmt":"2026-03-31T17:13:55","guid":{"rendered":"https:\/\/congresodelacarne.com\/2026\/?page_id=4169"},"modified":"2026-03-31T17:18:24","modified_gmt":"2026-03-31T17:18:24","slug":"ponente-francisco-ruiz","status":"publish","type":"page","link":"https:\/\/congresodelacarne.com\/2026\/ponente-francisco-ruiz\/","title":{"rendered":"Francisco Ru\u00edz"},"content":{"rendered":"<div class=\"fusion-fullwidth fullwidth-box fusion-builder-row-1 fusion-flex-container has-pattern-background has-mask-background fusion-parallax-none nonhundred-percent-fullwidth non-hundred-percent-height-scrolling lazyload\" style=\"--awb-background-position:center bottom;--awb-border-radius-top-left:0px;--awb-border-radius-top-right:0px;--awb-border-radius-bottom-right:0px;--awb-border-radius-bottom-left:0px;--awb-padding-top:90px;--awb-padding-bottom:130px;--awb-background-size:cover;--awb-flex-wrap:wrap;\" data-bg=\"https:\/\/congresodelacarne.com\/2026\/wp-content\/uploads\/2025\/11\/CIC26-Fondo_7.webp\" ><div class=\"fusion-builder-row fusion-row fusion-flex-align-items-flex-start fusion-flex-justify-content-center fusion-flex-content-wrap\" style=\"max-width:1372.8px;margin-left: calc(-4% \/ 2 );margin-right: calc(-4% \/ 2 );\"><div class=\"fusion-layout-column fusion_builder_column fusion-builder-column-0 fusion_builder_column_1_3 1_3 fusion-flex-column fusion-animated\" style=\"--awb-bg-color:var(--awb-color1);--awb-bg-color-hover:var(--awb-color1);--awb-bg-size:cover;--awb-width-large:33.333333333333%;--awb-margin-top-large:0px;--awb-spacing-right-large:5.76%;--awb-margin-bottom-large:20px;--awb-spacing-left-large:5.76%;--awb-width-medium:33.333333333333%;--awb-order-medium:0;--awb-spacing-right-medium:5.76%;--awb-spacing-left-medium:5.76%;--awb-width-small:100%;--awb-order-small:0;--awb-spacing-right-small:1.92%;--awb-spacing-left-small:1.92%;\" data-animationType=\"fadeInRight\" data-animationDuration=\"1.0\" data-animationOffset=\"top-into-view\"><div class=\"fusion-column-wrapper fusion-column-has-shadow fusion-flex-justify-content-flex-start fusion-content-layout-column\"><div class=\"fusion-image-element \" style=\"--awb-caption-title-font-family:var(--h2_typography-font-family);--awb-caption-title-font-weight:var(--h2_typography-font-weight);--awb-caption-title-font-style:var(--h2_typography-font-style);--awb-caption-title-size:var(--h2_typography-font-size);--awb-caption-title-transform:var(--h2_typography-text-transform);--awb-caption-title-line-height:var(--h2_typography-line-height);--awb-caption-title-letter-spacing:var(--h2_typography-letter-spacing);\"><span class=\" fusion-imageframe imageframe-none imageframe-1 hover-type-none\"><img decoding=\"async\" width=\"1536\" height=\"1024\" title=\"Ponente_Francisco_Ruiz\" src=\"https:\/\/congresodelacarne.com\/2026\/wp-content\/uploads\/2026\/03\/Ponente_Francisco_Ruiz.webp\" data-orig-src=\"https:\/\/congresodelacarne.com\/2026\/wp-content\/uploads\/2026\/03\/Ponente_Francisco_Ruiz.webp\" alt class=\"lazyload img-responsive wp-image-4171\" srcset=\"data:image\/svg+xml,%3Csvg%20xmlns%3D%27http%3A%2F%2Fwww.w3.org%2F2000%2Fsvg%27%20width%3D%271536%27%20height%3D%271024%27%20viewBox%3D%270%200%201536%201024%27%3E%3Crect%20width%3D%271536%27%20height%3D%271024%27%20fill-opacity%3D%220%22%2F%3E%3C%2Fsvg%3E\" data-srcset=\"https:\/\/congresodelacarne.com\/2026\/wp-content\/uploads\/2026\/03\/Ponente_Francisco_Ruiz-200x133.webp 200w, https:\/\/congresodelacarne.com\/2026\/wp-content\/uploads\/2026\/03\/Ponente_Francisco_Ruiz-400x267.webp 400w, https:\/\/congresodelacarne.com\/2026\/wp-content\/uploads\/2026\/03\/Ponente_Francisco_Ruiz-600x400.webp 600w, https:\/\/congresodelacarne.com\/2026\/wp-content\/uploads\/2026\/03\/Ponente_Francisco_Ruiz-800x533.webp 800w, https:\/\/congresodelacarne.com\/2026\/wp-content\/uploads\/2026\/03\/Ponente_Francisco_Ruiz-1200x800.webp 1200w, https:\/\/congresodelacarne.com\/2026\/wp-content\/uploads\/2026\/03\/Ponente_Francisco_Ruiz.webp 1536w\" data-sizes=\"auto\" data-orig-sizes=\"(max-width: 850px) 100vw, 400px\" \/><\/span><\/div><\/div><\/div><div class=\"fusion-layout-column fusion_builder_column fusion-builder-column-1 fusion_builder_column_2_3 2_3 fusion-flex-column fusion-animated\" style=\"--awb-padding-right:25px;--awb-bg-size:cover;--awb-width-large:66.666666666667%;--awb-margin-top-large:0px;--awb-spacing-right-large:2.88%;--awb-margin-bottom-large:20px;--awb-spacing-left-large:2.88%;--awb-width-medium:66.666666666667%;--awb-order-medium:0;--awb-spacing-right-medium:2.88%;--awb-spacing-left-medium:2.88%;--awb-width-small:100%;--awb-order-small:0;--awb-spacing-right-small:1.92%;--awb-spacing-left-small:1.92%;\" data-animationType=\"fadeInLeft\" data-animationDuration=\"1.0\" data-animationOffset=\"top-into-view\"><div class=\"fusion-column-wrapper fusion-column-has-shadow fusion-flex-justify-content-flex-start fusion-content-layout-column\"><div class=\"fusion-title title fusion-title-1 fusion-sep-none fusion-title-center fusion-title-text fusion-title-size-two\" style=\"--awb-text-color:var(--awb-color5);\"><h2 class=\"fusion-title-heading title-heading-center\" style=\"margin:0;\"><p style=\"text-align: left;\">MVZ M en C Francisco Alejandro Ru\u00edz L\u00f3pez<\/p><\/h2><\/div><div class=\"fusion-text fusion-text-1 fusion-text-no-margin\" style=\"--awb-content-alignment:left;--awb-text-color:var(--awb-color7);--awb-margin-bottom:45px;\"><p>Egresado de la Universidad Nacional Aut\u00f3noma de M\u00e9xico como<br \/>M\u00e9dico Veterinario Zootecnista.<br \/>Maestro en Ciencias de la producci\u00f3n y de la salud animal. FMVZ-UNAM<br \/>Doctorando en Desarrollo de la Educaci\u00f3n en UNIVDEP.<\/p>\n<p><strong>Especialidades:<\/strong><br \/>\u27a2 Bienestar Animal, Calidad e Inocuidad de carne<br \/>\u27a2 Desarrollo de nuevos productos de valor agregado<br \/>\u27a2 Auditor Certificado por OIRSA en Buenas Pr\u00e1cticas Pecuarias,Buenas Pr\u00e1cticas de Manufactura,<br \/>Buenas Pr\u00e1cticas de Procesamiento e implementaci\u00f3n de sistema HACCP en Industria Alimenticia.<br \/>\u27a2 Capacitador en procesamiento de c\u00e1rnicos para elaborar embutidos, marinados de alta gama<br \/>\u27a2 Investigaci\u00f3n en A\u00f1ejamiento y maduraci\u00f3n de carnes<br \/>\u27a2 Auditor interno en sistemas de gesti\u00f3n de calidad ISO 19011:2018<br \/>\u27a2 Auditor Interno de FSSC 22000 versi\u00f3n 6<br \/>\u27a2 Diplomado en Tecnolog\u00eda de productos c\u00e1rnicos por AgroGlobal<br \/>\u27a2 Diplomado en Bienestar Animal y Sostenibilidad<\/p>\n<p><strong>Cursos:<\/strong><br \/>\u27a2 Curso para obtener la autorizaci\u00f3n MVRATIF. ANETIF Noviembre 2021<br \/>\u27a2 Entrenamiento como capacitador y consultor. NSF INTERNATIONAL Marzo 2022<br \/>\u2713 Trainer Learn Upon Rundown<br \/>\u2713 Train The Trainer LATAM<br \/>\u27a2 Curso Formaci\u00f3n de Auditores Internos ISO 19011:2018. Junio 2022<br \/>\u27a2 Elaboraci\u00f3n de instrumentos de evaluaci\u00f3n: enfoque cuantitativo y cualitativo. FMVZ-UNAM. Junio-Julio 2022<br \/>\u27a2 Curso Auditando Bienestar Animal de Bovino de Acuerdo con NAMI. ANETIF. Noviembre 2023<br \/>\u27a2 Curso para ser auditor de distintivo H. Diciembre 2023<br \/>\u27a2 Curso actualizaci\u00f3n Requerimientos del esquema FSSC 22000 versi\u00f3n 6. Motus Q. Enero-Febrero 2024.<br \/>\u27a2 Curso T\u00e9cnicas de Auditoria. ANETIF. Enero 2024.<br \/>\u27a2 Curso XXX Jornada M\u00e9dico Avi\u0301 cola. Jos\u00e9 Antonio Quintana L\u00f3pez. FMVZ-UNAM. Febrero 2024.<\/p>\n<p><strong>Actualmente:<\/strong><br \/>\u27a2 Capacitador en Diplomado de Ciencias de la Industria C\u00e1rnica, ANETIF-UNAM. 2025 a la fecha.<br \/>\u27a2 Consultor en c\u00e1rnicos y capacitador en SGC y esquemas de certificaci\u00f3n de HACCP en Bienestar Animal y<br \/>Calidad de Carne, BPP, BPM, BPH en industria c\u00e1rnica para NSF LATAM. 2020 a la fecha.<br \/>\u27a2 Asesor, Capacitador e Instructor en Talleres de Capacitaci\u00f3n y Actualizaci\u00f3n de procesamiento de c\u00e1rnicos.<br \/>AMEG-INMECARNE. Abril de 2017 a la fecha.<br \/>\u27a2 Profesor de Inocuidad de los alimentos de origen animal en la FMVZ de la UNAM. 2017 a la fecha.<br \/>\u27a2 Consultor tecnico en industria c\u00e1rnica. 2012 a la fecha<\/p>\n<\/div><\/div><\/div><\/div><\/div>\n","protected":false},"excerpt":{"rendered":"","protected":false},"author":1,"featured_media":0,"parent":0,"menu_order":0,"comment_status":"closed","ping_status":"closed","template":"100-width.php","meta":{"footnotes":""},"class_list":["post-4169","page","type-page","status-publish","hentry"],"_links":{"self":[{"href":"https:\/\/congresodelacarne.com\/2026\/wp-json\/wp\/v2\/pages\/4169","targetHints":{"allow":["GET"]}}],"collection":[{"href":"https:\/\/congresodelacarne.com\/2026\/wp-json\/wp\/v2\/pages"}],"about":[{"href":"https:\/\/congresodelacarne.com\/2026\/wp-json\/wp\/v2\/types\/page"}],"author":[{"embeddable":true,"href":"https:\/\/congresodelacarne.com\/2026\/wp-json\/wp\/v2\/users\/1"}],"replies":[{"embeddable":true,"href":"https:\/\/congresodelacarne.com\/2026\/wp-json\/wp\/v2\/comments?post=4169"}],"version-history":[{"count":2,"href":"https:\/\/congresodelacarne.com\/2026\/wp-json\/wp\/v2\/pages\/4169\/revisions"}],"predecessor-version":[{"id":4172,"href":"https:\/\/congresodelacarne.com\/2026\/wp-json\/wp\/v2\/pages\/4169\/revisions\/4172"}],"wp:attachment":[{"href":"https:\/\/congresodelacarne.com\/2026\/wp-json\/wp\/v2\/media?parent=4169"}],"curies":[{"name":"wp","href":"https:\/\/api.w.org\/{rel}","templated":true}]}}