{"id":4042,"date":"2026-02-16T18:44:02","date_gmt":"2026-02-16T18:44:02","guid":{"rendered":"https:\/\/congresodelacarne.com\/2026\/?page_id=4042"},"modified":"2026-02-16T18:44:02","modified_gmt":"2026-02-16T18:44:02","slug":"ponente-juan-jose-acevedo-alvarez","status":"publish","type":"page","link":"https:\/\/congresodelacarne.com\/2026\/ponente-juan-jose-acevedo-alvarez\/","title":{"rendered":"Juan Jos\u00e9 Acevedo \u00c1lvarez"},"content":{"rendered":"<div class=\"fusion-fullwidth fullwidth-box fusion-builder-row-1 fusion-flex-container has-pattern-background has-mask-background fusion-parallax-none nonhundred-percent-fullwidth non-hundred-percent-height-scrolling lazyload\" style=\"--awb-background-position:center bottom;--awb-border-radius-top-left:0px;--awb-border-radius-top-right:0px;--awb-border-radius-bottom-right:0px;--awb-border-radius-bottom-left:0px;--awb-padding-top:90px;--awb-padding-bottom:130px;--awb-background-size:cover;--awb-flex-wrap:wrap;\" data-bg=\"https:\/\/congresodelacarne.com\/2026\/wp-content\/uploads\/2025\/11\/CIC26-Fondo_7.webp\" ><div class=\"fusion-builder-row fusion-row fusion-flex-align-items-flex-start fusion-flex-justify-content-center fusion-flex-content-wrap\" style=\"max-width:1372.8px;margin-left: calc(-4% \/ 2 );margin-right: calc(-4% \/ 2 );\"><div class=\"fusion-layout-column fusion_builder_column fusion-builder-column-0 fusion_builder_column_1_3 1_3 fusion-flex-column fusion-animated\" style=\"--awb-bg-color:var(--awb-color1);--awb-bg-color-hover:var(--awb-color1);--awb-bg-size:cover;--awb-width-large:33.333333333333%;--awb-margin-top-large:0px;--awb-spacing-right-large:5.76%;--awb-margin-bottom-large:20px;--awb-spacing-left-large:5.76%;--awb-width-medium:33.333333333333%;--awb-order-medium:0;--awb-spacing-right-medium:5.76%;--awb-spacing-left-medium:5.76%;--awb-width-small:100%;--awb-order-small:0;--awb-spacing-right-small:1.92%;--awb-spacing-left-small:1.92%;\" data-animationType=\"fadeInRight\" data-animationDuration=\"1.0\" data-animationOffset=\"top-into-view\"><div class=\"fusion-column-wrapper fusion-column-has-shadow fusion-flex-justify-content-flex-start fusion-content-layout-column\"><div class=\"fusion-image-element \" style=\"--awb-caption-title-font-family:var(--h2_typography-font-family);--awb-caption-title-font-weight:var(--h2_typography-font-weight);--awb-caption-title-font-style:var(--h2_typography-font-style);--awb-caption-title-size:var(--h2_typography-font-size);--awb-caption-title-transform:var(--h2_typography-text-transform);--awb-caption-title-line-height:var(--h2_typography-line-height);--awb-caption-title-letter-spacing:var(--h2_typography-letter-spacing);\"><span class=\" fusion-imageframe imageframe-none imageframe-1 hover-type-none\"><img decoding=\"async\" width=\"1536\" height=\"1024\" title=\"Ponente_Juan_Acevedo\" src=\"https:\/\/congresodelacarne.com\/2026\/wp-content\/uploads\/2026\/02\/Ponente_Juan_Acevedo.webp\" data-orig-src=\"https:\/\/congresodelacarne.com\/2026\/wp-content\/uploads\/2026\/02\/Ponente_Juan_Acevedo.webp\" alt class=\"lazyload img-responsive wp-image-4022\" srcset=\"data:image\/svg+xml,%3Csvg%20xmlns%3D%27http%3A%2F%2Fwww.w3.org%2F2000%2Fsvg%27%20width%3D%271536%27%20height%3D%271024%27%20viewBox%3D%270%200%201536%201024%27%3E%3Crect%20width%3D%271536%27%20height%3D%271024%27%20fill-opacity%3D%220%22%2F%3E%3C%2Fsvg%3E\" data-srcset=\"https:\/\/congresodelacarne.com\/2026\/wp-content\/uploads\/2026\/02\/Ponente_Juan_Acevedo-200x133.webp 200w, https:\/\/congresodelacarne.com\/2026\/wp-content\/uploads\/2026\/02\/Ponente_Juan_Acevedo-400x267.webp 400w, https:\/\/congresodelacarne.com\/2026\/wp-content\/uploads\/2026\/02\/Ponente_Juan_Acevedo-600x400.webp 600w, https:\/\/congresodelacarne.com\/2026\/wp-content\/uploads\/2026\/02\/Ponente_Juan_Acevedo-800x533.webp 800w, https:\/\/congresodelacarne.com\/2026\/wp-content\/uploads\/2026\/02\/Ponente_Juan_Acevedo-1200x800.webp 1200w, https:\/\/congresodelacarne.com\/2026\/wp-content\/uploads\/2026\/02\/Ponente_Juan_Acevedo.webp 1536w\" data-sizes=\"auto\" data-orig-sizes=\"(max-width: 850px) 100vw, 400px\" \/><\/span><\/div><\/div><\/div><div class=\"fusion-layout-column fusion_builder_column fusion-builder-column-1 fusion_builder_column_2_3 2_3 fusion-flex-column fusion-animated\" style=\"--awb-padding-right:25px;--awb-bg-size:cover;--awb-width-large:66.666666666667%;--awb-margin-top-large:0px;--awb-spacing-right-large:2.88%;--awb-margin-bottom-large:20px;--awb-spacing-left-large:2.88%;--awb-width-medium:66.666666666667%;--awb-order-medium:0;--awb-spacing-right-medium:2.88%;--awb-spacing-left-medium:2.88%;--awb-width-small:100%;--awb-order-small:0;--awb-spacing-right-small:1.92%;--awb-spacing-left-small:1.92%;\" data-animationType=\"fadeInLeft\" data-animationDuration=\"1.0\" data-animationOffset=\"top-into-view\"><div class=\"fusion-column-wrapper fusion-column-has-shadow fusion-flex-justify-content-flex-start fusion-content-layout-column\"><div class=\"fusion-title title fusion-title-1 fusion-sep-none fusion-title-center fusion-title-text fusion-title-size-two\" style=\"--awb-text-color:var(--awb-color5);\"><h2 class=\"fusion-title-heading title-heading-center\" style=\"margin:0;\"><p style=\"text-align: left;\">Juan Jos\u00e9 Acevedo \u00c1lvarez<\/p><\/h2><\/div><div class=\"fusion-text fusion-text-1 fusion-text-no-margin\" style=\"--awb-content-alignment:left;--awb-text-color:var(--awb-color7);--awb-margin-bottom:45px;\"><p>M\u00e9dico Veterinario Zootecnista y maestro en ciencias, por la Facultad de Medicina Veterinaria y Zootecnia de la Universidad Nacional Aut\u00f3noma de M\u00e9xico; estudios en epidemiolog\u00eda veterinaria e inocuidad agroalimentaria en M\u00e9xico y el extranjero, Diplomado en Derecho Administrativo, en Epidemiologia Veterinaria, en Epidemiologia Aplicada, en Presupuestos Basados en Resultados, y en Bienestar Animal y Producci\u00f3n Pecuaria Sostenible, por la UNAM, miembro de la cuarta generaci\u00f3n de peritos en Medicina Veterinaria y Zootecnia en la FedMVZ.<\/p>\n<p>Participaci\u00f3n en operativos de emergencia para el control y erradicaci\u00f3n de enfermedades y plagas ex\u00f3ticas en M\u00e9xico; ha impartido cursos de capacitaci\u00f3n a nivel nacional e internacional sobre diferentes enfermedades que afectan a las especies pecuarias y sobre temas de bienestar animal.<\/p>\n<p>Invitado como conferenciante en diversos foros de bienestar animal, miembro de las Comisiones de seguimiento en convenios entre el SENASICA y diversas instituciones; integrante de los grupos de trabajo para elaborar y modificar regulaciones en materia de Bienestar Animal, Responsable de Grupos de trabajo para la modificaci\u00f3n de la Norma Oficial Mexicana NOM-033-SAG\/ZOO-2014, M\u00e9todos para dar muerte a los animales dom\u00e9sticos y silvestres y la NOM-051-ZOO-1995, Trato humanitario en la movilizaci\u00f3n de animales, M\u00e9dico Veterinario Verificador en temas de Bienestar Animal y Miembro activo del Comit\u00e9 de Bienestar Animal del CONASA, vocal suplente de la DGSA\/SENASICA en el Comit\u00e9 de bio\u00e9tica de la Direcci\u00f3n General de Zool\u00f3gicos y conservaci\u00f3n de la fauna silvestre, representante de la DGSA\/SENASICA en el comit\u00e9 especial para intercambios y enajenaci\u00f3n de fauna silvestre y vocal suplente en el subcomit\u00e9 de protecci\u00f3n zoosanitaria.<\/p>\n<p>Desde 1996 a la fecha ha desempe\u00f1ado diversos cargos en la administraci\u00f3n p\u00fablica federal, en 2014 fue designado como miembro del Grupo de Expertos de control biol\u00f3gico de la NAPPO; actualmente ocupa el cargo de Subdirector de Sistemas y Planes de Emergencia en la Comisi\u00f3n M\u00e9xico &#8211; Estados Unidos para la Prevenci\u00f3n de la Fiebre Aftosa y otras Enfermedades Ex\u00f3ticas de los Animales, es el Coordinador de Bienestar animal en atenci\u00f3n de notificaciones, emergencias y desastres naturales de la Direcci\u00f3n General de Salud Animal, en SENASICA\/Agricultura (M\u00e9xico), y en 2025 recibi\u00f3 el nombramiento como Punto Focal de M\u00e9xico para la Organizaci\u00f3n Mundial de Sanidad Animal en Bienestar Animal.<\/p>\n<p>Expectativa medi\u00e1tica:<\/p>\n<p>El doctor Acevedo en el Congreso de la Carne 2026 brindar\u00e1 una perspectiva t\u00e9cnica de primera mano sobre el bienestar animal por parte del SENASICA-CPA, a fin de que los asistentes al congreso puedan conocer la perspectiva del ejecutivo con relaci\u00f3n a este importante aspecto de la cadena productiva de carne en M\u00e9xico.<\/p>\n<\/div><\/div><\/div><\/div><\/div>\n","protected":false},"excerpt":{"rendered":"","protected":false},"author":1,"featured_media":0,"parent":0,"menu_order":0,"comment_status":"closed","ping_status":"closed","template":"100-width.php","meta":{"footnotes":""},"class_list":["post-4042","page","type-page","status-publish","hentry"],"_links":{"self":[{"href":"https:\/\/congresodelacarne.com\/2026\/wp-json\/wp\/v2\/pages\/4042","targetHints":{"allow":["GET"]}}],"collection":[{"href":"https:\/\/congresodelacarne.com\/2026\/wp-json\/wp\/v2\/pages"}],"about":[{"href":"https:\/\/congresodelacarne.com\/2026\/wp-json\/wp\/v2\/types\/page"}],"author":[{"embeddable":true,"href":"https:\/\/congresodelacarne.com\/2026\/wp-json\/wp\/v2\/users\/1"}],"replies":[{"embeddable":true,"href":"https:\/\/congresodelacarne.com\/2026\/wp-json\/wp\/v2\/comments?post=4042"}],"version-history":[{"count":1,"href":"https:\/\/congresodelacarne.com\/2026\/wp-json\/wp\/v2\/pages\/4042\/revisions"}],"predecessor-version":[{"id":4043,"href":"https:\/\/congresodelacarne.com\/2026\/wp-json\/wp\/v2\/pages\/4042\/revisions\/4043"}],"wp:attachment":[{"href":"https:\/\/congresodelacarne.com\/2026\/wp-json\/wp\/v2\/media?parent=4042"}],"curies":[{"name":"wp","href":"https:\/\/api.w.org\/{rel}","templated":true}]}}