{"id":4031,"date":"2026-02-16T18:28:29","date_gmt":"2026-02-16T18:28:29","guid":{"rendered":"https:\/\/congresodelacarne.com\/2026\/?page_id=4031"},"modified":"2026-02-16T18:28:29","modified_gmt":"2026-02-16T18:28:29","slug":"ponente-ruaraidh-petre","status":"publish","type":"page","link":"https:\/\/congresodelacarne.com\/2026\/ponente-ruaraidh-petre\/","title":{"rendered":"Ruaraidh Petre"},"content":{"rendered":"<div class=\"fusion-fullwidth fullwidth-box fusion-builder-row-1 fusion-flex-container has-pattern-background has-mask-background fusion-parallax-none nonhundred-percent-fullwidth non-hundred-percent-height-scrolling lazyload\" style=\"--awb-background-position:center bottom;--awb-border-radius-top-left:0px;--awb-border-radius-top-right:0px;--awb-border-radius-bottom-right:0px;--awb-border-radius-bottom-left:0px;--awb-padding-top:90px;--awb-padding-bottom:130px;--awb-background-size:cover;--awb-flex-wrap:wrap;\" data-bg=\"https:\/\/congresodelacarne.com\/2026\/wp-content\/uploads\/2025\/11\/CIC26-Fondo_7.webp\" ><div class=\"fusion-builder-row fusion-row fusion-flex-align-items-flex-start fusion-flex-justify-content-center fusion-flex-content-wrap\" style=\"max-width:1372.8px;margin-left: calc(-4% \/ 2 );margin-right: calc(-4% \/ 2 );\"><div class=\"fusion-layout-column fusion_builder_column fusion-builder-column-0 fusion_builder_column_1_3 1_3 fusion-flex-column fusion-animated\" style=\"--awb-bg-color:var(--awb-color1);--awb-bg-color-hover:var(--awb-color1);--awb-bg-size:cover;--awb-width-large:33.333333333333%;--awb-margin-top-large:0px;--awb-spacing-right-large:5.76%;--awb-margin-bottom-large:20px;--awb-spacing-left-large:5.76%;--awb-width-medium:33.333333333333%;--awb-order-medium:0;--awb-spacing-right-medium:5.76%;--awb-spacing-left-medium:5.76%;--awb-width-small:100%;--awb-order-small:0;--awb-spacing-right-small:1.92%;--awb-spacing-left-small:1.92%;\" data-animationType=\"fadeInRight\" data-animationDuration=\"1.0\" data-animationOffset=\"top-into-view\"><div class=\"fusion-column-wrapper fusion-column-has-shadow fusion-flex-justify-content-flex-start fusion-content-layout-column\"><div class=\"fusion-image-element \" style=\"--awb-caption-title-font-family:var(--h2_typography-font-family);--awb-caption-title-font-weight:var(--h2_typography-font-weight);--awb-caption-title-font-style:var(--h2_typography-font-style);--awb-caption-title-size:var(--h2_typography-font-size);--awb-caption-title-transform:var(--h2_typography-text-transform);--awb-caption-title-line-height:var(--h2_typography-line-height);--awb-caption-title-letter-spacing:var(--h2_typography-letter-spacing);\"><span class=\" fusion-imageframe imageframe-none imageframe-1 hover-type-none\"><img decoding=\"async\" width=\"1536\" height=\"1024\" title=\"Ponente_Ruaraidh_Petre\" src=\"https:\/\/congresodelacarne.com\/2026\/wp-content\/uploads\/2026\/02\/Ponente_Ruaraidh_Petre.webp\" data-orig-src=\"https:\/\/congresodelacarne.com\/2026\/wp-content\/uploads\/2026\/02\/Ponente_Ruaraidh_Petre.webp\" alt class=\"lazyload img-responsive wp-image-4029\" srcset=\"data:image\/svg+xml,%3Csvg%20xmlns%3D%27http%3A%2F%2Fwww.w3.org%2F2000%2Fsvg%27%20width%3D%271536%27%20height%3D%271024%27%20viewBox%3D%270%200%201536%201024%27%3E%3Crect%20width%3D%271536%27%20height%3D%271024%27%20fill-opacity%3D%220%22%2F%3E%3C%2Fsvg%3E\" data-srcset=\"https:\/\/congresodelacarne.com\/2026\/wp-content\/uploads\/2026\/02\/Ponente_Ruaraidh_Petre-200x133.webp 200w, https:\/\/congresodelacarne.com\/2026\/wp-content\/uploads\/2026\/02\/Ponente_Ruaraidh_Petre-400x267.webp 400w, https:\/\/congresodelacarne.com\/2026\/wp-content\/uploads\/2026\/02\/Ponente_Ruaraidh_Petre-600x400.webp 600w, https:\/\/congresodelacarne.com\/2026\/wp-content\/uploads\/2026\/02\/Ponente_Ruaraidh_Petre-800x533.webp 800w, https:\/\/congresodelacarne.com\/2026\/wp-content\/uploads\/2026\/02\/Ponente_Ruaraidh_Petre-1200x800.webp 1200w, https:\/\/congresodelacarne.com\/2026\/wp-content\/uploads\/2026\/02\/Ponente_Ruaraidh_Petre.webp 1536w\" data-sizes=\"auto\" data-orig-sizes=\"(max-width: 850px) 100vw, 400px\" \/><\/span><\/div><\/div><\/div><div class=\"fusion-layout-column fusion_builder_column fusion-builder-column-1 fusion_builder_column_2_3 2_3 fusion-flex-column fusion-animated\" style=\"--awb-padding-right:25px;--awb-bg-size:cover;--awb-width-large:66.666666666667%;--awb-margin-top-large:0px;--awb-spacing-right-large:2.88%;--awb-margin-bottom-large:20px;--awb-spacing-left-large:2.88%;--awb-width-medium:66.666666666667%;--awb-order-medium:0;--awb-spacing-right-medium:2.88%;--awb-spacing-left-medium:2.88%;--awb-width-small:100%;--awb-order-small:0;--awb-spacing-right-small:1.92%;--awb-spacing-left-small:1.92%;\" data-animationType=\"fadeInLeft\" data-animationDuration=\"1.0\" data-animationOffset=\"top-into-view\"><div class=\"fusion-column-wrapper fusion-column-has-shadow fusion-flex-justify-content-flex-start fusion-content-layout-column\"><div class=\"fusion-title title fusion-title-1 fusion-sep-none fusion-title-center fusion-title-text fusion-title-size-two\" style=\"--awb-text-color:var(--awb-color5);\"><h2 class=\"fusion-title-heading title-heading-center\" style=\"margin:0;\"><p style=\"text-align: left;\">Ruaraidh Petre<\/p><\/h2><\/div><div class=\"fusion-text fusion-text-1 fusion-text-no-margin\" style=\"--awb-content-alignment:left;--awb-text-color:var(--awb-color7);--awb-margin-bottom:45px;\"><p>Ruaraidh (Rory) ha sido el Director Ejecutivo de GRSB desde 2012. Estudi\u00f3 agricultura en Edimburgo, especializ\u00e1ndose en producci\u00f3n pecuaria, seguido de una maestr\u00eda en producci\u00f3n y salud animal tropical. Al inicio de su carrera trabaj\u00f3 en producci\u00f3n pecuaria comercial y gesti\u00f3n de fincas en Nueva Zelanda, Australia y Escocia.<\/p>\n<p>Posteriormente trabaj\u00f3 en sistemas agr\u00edcolas en India y en desarrollo veterinario en Pakist\u00e1n y Afganist\u00e1n. M\u00e1s adelante, en \u00c1frica, dirigi\u00f3 una variedad de proyectos de apoyo y desarrollo para productores, desempe\u00f1\u00e1ndose como director regional de Solidaridad en el sur de \u00c1frica, as\u00ed como Coordinador del Programa Internacional de Ganader\u00eda antes de unirse a GRSB.<\/p>\n<p>Durante la \u00faltima d\u00e9cada ha supervisado el crecimiento de la red de mesas redondas de carne sostenible, que hoy incluye 24 pa\u00edses con un compromiso com\u00fan: hacer de la carne sostenible una parte integral de un sistema alimentario pr\u00f3spero. El GRSB public\u00f3 sus metas globales sobre reducci\u00f3n del impacto clim\u00e1tico, producci\u00f3n positiva para la naturaleza y bienestar animal a inicios de julio de 2021, y emiti\u00f3 su primer informe de sostenibilidad utilizando un marco MRV en 2024. El segundo informe ser\u00e1 presentado en la conferencia global sobre carne sostenible en 2026.<\/p>\n<p>Expectativa medi\u00e1tica:<\/p>\n<p>Su participaci\u00f3n aportar\u00e1 claridad, direcci\u00f3n y ambici\u00f3n a la conversaci\u00f3n internacional, fortaleciendo el v\u00ednculo entre M\u00e9xico y la comunidad global que trabaja por un sistema c\u00e1rnico m\u00e1s sostenible, resiliente y pr\u00f3spero.<\/p>\n<\/div><\/div><\/div><\/div><\/div>\n","protected":false},"excerpt":{"rendered":"","protected":false},"author":1,"featured_media":0,"parent":0,"menu_order":0,"comment_status":"closed","ping_status":"closed","template":"100-width.php","meta":{"footnotes":""},"class_list":["post-4031","page","type-page","status-publish","hentry"],"_links":{"self":[{"href":"https:\/\/congresodelacarne.com\/2026\/wp-json\/wp\/v2\/pages\/4031","targetHints":{"allow":["GET"]}}],"collection":[{"href":"https:\/\/congresodelacarne.com\/2026\/wp-json\/wp\/v2\/pages"}],"about":[{"href":"https:\/\/congresodelacarne.com\/2026\/wp-json\/wp\/v2\/types\/page"}],"author":[{"embeddable":true,"href":"https:\/\/congresodelacarne.com\/2026\/wp-json\/wp\/v2\/users\/1"}],"replies":[{"embeddable":true,"href":"https:\/\/congresodelacarne.com\/2026\/wp-json\/wp\/v2\/comments?post=4031"}],"version-history":[{"count":1,"href":"https:\/\/congresodelacarne.com\/2026\/wp-json\/wp\/v2\/pages\/4031\/revisions"}],"predecessor-version":[{"id":4032,"href":"https:\/\/congresodelacarne.com\/2026\/wp-json\/wp\/v2\/pages\/4031\/revisions\/4032"}],"wp:attachment":[{"href":"https:\/\/congresodelacarne.com\/2026\/wp-json\/wp\/v2\/media?parent=4031"}],"curies":[{"name":"wp","href":"https:\/\/api.w.org\/{rel}","templated":true}]}}