{"id":3859,"date":"2026-01-06T20:30:08","date_gmt":"2026-01-06T20:30:08","guid":{"rendered":"https:\/\/congresodelacarne.com\/2026\/?page_id=3859"},"modified":"2026-01-09T20:46:34","modified_gmt":"2026-01-09T20:46:34","slug":"ponente-juan-carlos-ku-vera","status":"publish","type":"page","link":"https:\/\/congresodelacarne.com\/2026\/ponente-juan-carlos-ku-vera\/","title":{"rendered":"Juan Carlos Ku Vera"},"content":{"rendered":"<div class=\"fusion-fullwidth fullwidth-box fusion-builder-row-1 fusion-flex-container has-pattern-background has-mask-background fusion-parallax-none nonhundred-percent-fullwidth non-hundred-percent-height-scrolling lazyload\" style=\"--awb-background-position:center bottom;--awb-border-radius-top-left:0px;--awb-border-radius-top-right:0px;--awb-border-radius-bottom-right:0px;--awb-border-radius-bottom-left:0px;--awb-padding-top:90px;--awb-padding-bottom:130px;--awb-background-size:cover;--awb-flex-wrap:wrap;\" data-bg=\"https:\/\/congresodelacarne.com\/2026\/wp-content\/uploads\/2025\/11\/CIC26-Fondo_7.webp\" ><div class=\"fusion-builder-row fusion-row fusion-flex-align-items-flex-start fusion-flex-justify-content-center fusion-flex-content-wrap\" style=\"max-width:1372.8px;margin-left: calc(-4% \/ 2 );margin-right: calc(-4% \/ 2 );\"><div class=\"fusion-layout-column fusion_builder_column fusion-builder-column-0 fusion_builder_column_1_3 1_3 fusion-flex-column fusion-animated\" style=\"--awb-bg-color:var(--awb-color1);--awb-bg-color-hover:var(--awb-color1);--awb-bg-size:cover;--awb-width-large:33.333333333333%;--awb-margin-top-large:0px;--awb-spacing-right-large:5.76%;--awb-margin-bottom-large:20px;--awb-spacing-left-large:5.76%;--awb-width-medium:33.333333333333%;--awb-order-medium:0;--awb-spacing-right-medium:5.76%;--awb-spacing-left-medium:5.76%;--awb-width-small:100%;--awb-order-small:0;--awb-spacing-right-small:1.92%;--awb-spacing-left-small:1.92%;\" data-animationType=\"fadeInRight\" data-animationDuration=\"1.0\" data-animationOffset=\"top-into-view\"><div class=\"fusion-column-wrapper fusion-column-has-shadow fusion-flex-justify-content-flex-start fusion-content-layout-column\"><div class=\"fusion-image-element \" style=\"--awb-caption-title-font-family:var(--h2_typography-font-family);--awb-caption-title-font-weight:var(--h2_typography-font-weight);--awb-caption-title-font-style:var(--h2_typography-font-style);--awb-caption-title-size:var(--h2_typography-font-size);--awb-caption-title-transform:var(--h2_typography-text-transform);--awb-caption-title-line-height:var(--h2_typography-line-height);--awb-caption-title-letter-spacing:var(--h2_typography-letter-spacing);\"><span class=\" fusion-imageframe imageframe-none imageframe-1 hover-type-none\"><img decoding=\"async\" src=\"data:image\/gif;base64,R0lGODlhAQABAAAAACH5BAEKAAEALAAAAAABAAEAAAICTAEAOw==\" data-orig-src=\"https:\/\/congresodelacarne.com\/2026\/wp-content\/uploads\/2026\/01\/Ponente_Juan-Ku.webp\" alt class=\"lazyload img-responsive\"\/><\/span><\/div><\/div><\/div><div class=\"fusion-layout-column fusion_builder_column fusion-builder-column-1 fusion_builder_column_2_3 2_3 fusion-flex-column fusion-animated\" style=\"--awb-padding-right:25px;--awb-bg-size:cover;--awb-width-large:66.666666666667%;--awb-margin-top-large:0px;--awb-spacing-right-large:2.88%;--awb-margin-bottom-large:20px;--awb-spacing-left-large:2.88%;--awb-width-medium:66.666666666667%;--awb-order-medium:0;--awb-spacing-right-medium:2.88%;--awb-spacing-left-medium:2.88%;--awb-width-small:100%;--awb-order-small:0;--awb-spacing-right-small:1.92%;--awb-spacing-left-small:1.92%;\" data-animationType=\"fadeInLeft\" data-animationDuration=\"1.0\" data-animationOffset=\"top-into-view\"><div class=\"fusion-column-wrapper fusion-column-has-shadow fusion-flex-justify-content-flex-start fusion-content-layout-column\"><div class=\"fusion-title title fusion-title-1 fusion-sep-none fusion-title-center fusion-title-text fusion-title-size-two\" style=\"--awb-text-color:var(--awb-color5);\"><h2 class=\"fusion-title-heading title-heading-center\" style=\"margin:0;\"><p style=\"text-align: left;\">Juan Carlos Ku Vera<\/p><\/h2><\/div><div class=\"fusion-text fusion-text-1 fusion-text-no-margin\" style=\"--awb-content-alignment:left;--awb-text-color:var(--awb-color7);--awb-margin-bottom:45px;\"><p>Juan Carlos Ku Vera es M\u00e9dico Veterinario Zootecnista y doctor en alimentaci\u00f3n de rumiantes. Es profesor de alimentaci\u00f3n de rumiantes en la Facultad de Medicina Veterinaria y Zootecnia de la Universidad Aut\u00f3noma de Yucat\u00e1n, donde es responsable del Laboratorio de Cambio Clim\u00e1tico y Ganader\u00eda. Las l\u00edneas de investigaci\u00f3n en las que trabaja son: valor nutritivo de los alimentos, eficiencia energ\u00e9tica y mitigaci\u00f3n de metano en rumiantes. Ha publicado art\u00edculos en revistas cient\u00edficas y graduado estudiantes de licenciatura y posgrado. Es miembro del Consejo de Cambio Clim\u00e1tico de M\u00e9xico (SEMARNAT) y del Grupo de Trabajo sobre Cambio Clim\u00e1tico de la SECIHTI. Es asesor del Consultative Group on International Agricultural Research sobre mitigaci\u00f3n de metano en rumiantes. Es miembro de la Academia Mexicana de Ciencias, de la Academia Veterinaria Mexicana (Em\u00e9rito), de la Asociaci\u00f3n Mexicana de Producci\u00f3n Animal y de la Asociaci\u00f3n Americana de Ciencia Animal.<\/p>\n<p>La participaci\u00f3n del Dr. Juan Carlos Ku Vera en el Congreso Internacional de la Carne representa una contribuci\u00f3n esencial para comprender, con base cient\u00edfica y desde una perspectiva mexicana, c\u00f3mo la ganader\u00eda puede avanzar hacia sistemas m\u00e1s eficientes, resilientes y ambientalmente responsables. Su trayectoria como investigador l\u00edder en nutrici\u00f3n de rumiantes, eficiencia energ\u00e9tica y mitigaci\u00f3n de metano lo posiciona como una de las voces m\u00e1s autorizadas en el pa\u00eds y en la regi\u00f3n para hablar sobre el verdadero papel de la ganader\u00eda en el cambio clim\u00e1tico.<\/p>\n<\/div><\/div><\/div><\/div><\/div>\n","protected":false},"excerpt":{"rendered":"","protected":false},"author":1,"featured_media":0,"parent":0,"menu_order":0,"comment_status":"closed","ping_status":"closed","template":"100-width.php","meta":{"footnotes":""},"class_list":["post-3859","page","type-page","status-publish","hentry"],"_links":{"self":[{"href":"https:\/\/congresodelacarne.com\/2026\/wp-json\/wp\/v2\/pages\/3859","targetHints":{"allow":["GET"]}}],"collection":[{"href":"https:\/\/congresodelacarne.com\/2026\/wp-json\/wp\/v2\/pages"}],"about":[{"href":"https:\/\/congresodelacarne.com\/2026\/wp-json\/wp\/v2\/types\/page"}],"author":[{"embeddable":true,"href":"https:\/\/congresodelacarne.com\/2026\/wp-json\/wp\/v2\/users\/1"}],"replies":[{"embeddable":true,"href":"https:\/\/congresodelacarne.com\/2026\/wp-json\/wp\/v2\/comments?post=3859"}],"version-history":[{"count":2,"href":"https:\/\/congresodelacarne.com\/2026\/wp-json\/wp\/v2\/pages\/3859\/revisions"}],"predecessor-version":[{"id":3927,"href":"https:\/\/congresodelacarne.com\/2026\/wp-json\/wp\/v2\/pages\/3859\/revisions\/3927"}],"wp:attachment":[{"href":"https:\/\/congresodelacarne.com\/2026\/wp-json\/wp\/v2\/media?parent=3859"}],"curies":[{"name":"wp","href":"https:\/\/api.w.org\/{rel}","templated":true}]}}