{"id":3852,"date":"2026-01-06T20:19:09","date_gmt":"2026-01-06T20:19:09","guid":{"rendered":"https:\/\/congresodelacarne.com\/2026\/?page_id=3852"},"modified":"2026-01-06T20:19:09","modified_gmt":"2026-01-06T20:19:09","slug":"ponente-alejandro-gomez","status":"publish","type":"page","link":"https:\/\/congresodelacarne.com\/2026\/ponente-alejandro-gomez\/","title":{"rendered":"Alejandro G\u00f3mez Tamez"},"content":{"rendered":"<div class=\"fusion-fullwidth fullwidth-box fusion-builder-row-1 fusion-flex-container has-pattern-background has-mask-background fusion-parallax-none nonhundred-percent-fullwidth non-hundred-percent-height-scrolling lazyload\" style=\"--awb-background-position:center bottom;--awb-border-radius-top-left:0px;--awb-border-radius-top-right:0px;--awb-border-radius-bottom-right:0px;--awb-border-radius-bottom-left:0px;--awb-padding-top:90px;--awb-padding-bottom:130px;--awb-background-size:cover;--awb-flex-wrap:wrap;\" data-bg=\"https:\/\/congresodelacarne.com\/2026\/wp-content\/uploads\/2025\/11\/CIC26-Fondo_7.webp\" ><div class=\"fusion-builder-row fusion-row fusion-flex-align-items-flex-start fusion-flex-justify-content-center fusion-flex-content-wrap\" style=\"max-width:1372.8px;margin-left: calc(-4% \/ 2 );margin-right: calc(-4% \/ 2 );\"><div class=\"fusion-layout-column fusion_builder_column fusion-builder-column-0 fusion_builder_column_1_3 1_3 fusion-flex-column fusion-animated\" style=\"--awb-bg-color:var(--awb-color1);--awb-bg-color-hover:var(--awb-color1);--awb-bg-size:cover;--awb-width-large:33.333333333333%;--awb-margin-top-large:0px;--awb-spacing-right-large:5.76%;--awb-margin-bottom-large:20px;--awb-spacing-left-large:5.76%;--awb-width-medium:33.333333333333%;--awb-order-medium:0;--awb-spacing-right-medium:5.76%;--awb-spacing-left-medium:5.76%;--awb-width-small:100%;--awb-order-small:0;--awb-spacing-right-small:1.92%;--awb-spacing-left-small:1.92%;\" data-animationType=\"fadeInRight\" data-animationDuration=\"1.0\" data-animationOffset=\"top-into-view\"><div class=\"fusion-column-wrapper fusion-column-has-shadow fusion-flex-justify-content-flex-start fusion-content-layout-column\"><div class=\"fusion-image-element \" style=\"--awb-caption-title-font-family:var(--h2_typography-font-family);--awb-caption-title-font-weight:var(--h2_typography-font-weight);--awb-caption-title-font-style:var(--h2_typography-font-style);--awb-caption-title-size:var(--h2_typography-font-size);--awb-caption-title-transform:var(--h2_typography-text-transform);--awb-caption-title-line-height:var(--h2_typography-line-height);--awb-caption-title-letter-spacing:var(--h2_typography-letter-spacing);\"><span class=\" fusion-imageframe imageframe-none imageframe-1 hover-type-none\"><img decoding=\"async\" width=\"1100\" height=\"772\" title=\"Ponente_Alejandro-Gomez\" src=\"https:\/\/congresodelacarne.com\/2026\/wp-content\/uploads\/2026\/01\/Ponente_Alejandro-Gomez.webp\" data-orig-src=\"https:\/\/congresodelacarne.com\/2026\/wp-content\/uploads\/2026\/01\/Ponente_Alejandro-Gomez.webp\" alt class=\"lazyload img-responsive wp-image-3843\" srcset=\"data:image\/svg+xml,%3Csvg%20xmlns%3D%27http%3A%2F%2Fwww.w3.org%2F2000%2Fsvg%27%20width%3D%271100%27%20height%3D%27772%27%20viewBox%3D%270%200%201100%20772%27%3E%3Crect%20width%3D%271100%27%20height%3D%27772%27%20fill-opacity%3D%220%22%2F%3E%3C%2Fsvg%3E\" data-srcset=\"https:\/\/congresodelacarne.com\/2026\/wp-content\/uploads\/2026\/01\/Ponente_Alejandro-Gomez-200x140.webp 200w, https:\/\/congresodelacarne.com\/2026\/wp-content\/uploads\/2026\/01\/Ponente_Alejandro-Gomez-400x281.webp 400w, https:\/\/congresodelacarne.com\/2026\/wp-content\/uploads\/2026\/01\/Ponente_Alejandro-Gomez-600x421.webp 600w, https:\/\/congresodelacarne.com\/2026\/wp-content\/uploads\/2026\/01\/Ponente_Alejandro-Gomez-800x561.webp 800w, https:\/\/congresodelacarne.com\/2026\/wp-content\/uploads\/2026\/01\/Ponente_Alejandro-Gomez.webp 1100w\" data-sizes=\"auto\" data-orig-sizes=\"(max-width: 850px) 100vw, 400px\" \/><\/span><\/div><\/div><\/div><div class=\"fusion-layout-column fusion_builder_column fusion-builder-column-1 fusion_builder_column_2_3 2_3 fusion-flex-column fusion-animated\" style=\"--awb-padding-right:25px;--awb-bg-size:cover;--awb-width-large:66.666666666667%;--awb-margin-top-large:0px;--awb-spacing-right-large:2.88%;--awb-margin-bottom-large:20px;--awb-spacing-left-large:2.88%;--awb-width-medium:66.666666666667%;--awb-order-medium:0;--awb-spacing-right-medium:2.88%;--awb-spacing-left-medium:2.88%;--awb-width-small:100%;--awb-order-small:0;--awb-spacing-right-small:1.92%;--awb-spacing-left-small:1.92%;\" data-animationType=\"fadeInLeft\" data-animationDuration=\"1.0\" data-animationOffset=\"top-into-view\"><div class=\"fusion-column-wrapper fusion-column-has-shadow fusion-flex-justify-content-flex-start fusion-content-layout-column\"><div class=\"fusion-title title fusion-title-1 fusion-sep-none fusion-title-center fusion-title-text fusion-title-size-two\" style=\"--awb-text-color:var(--awb-color5);\"><h2 class=\"fusion-title-heading title-heading-center\" style=\"margin:0;\"><p style=\"text-align: left;\">Alejandro G\u00f3mez Tamez<\/p><\/h2><\/div><div class=\"fusion-text fusion-text-1 fusion-text-no-margin\" style=\"--awb-content-alignment:left;--awb-text-color:var(--awb-color7);--awb-margin-bottom:45px;\"><p>Estudi\u00f3 la carrera de Licenciado en Econom\u00eda en el Tecnol\u00f3gico de Monterrey campus Monterrey, y la maestr\u00eda en Pol\u00edtica para el Desarrollo y Administraci\u00f3n P\u00fablica en la Universidad de Wisconsin en Madison, Estados Unidos.<\/p>\n<p>Desde marzo de 2023, es el Director General de la Confederaci\u00f3n de C\u00e1maras Industriales de los Estados Unidos Mexicanos (CONCAMIN) y previamente se desempe\u00f1\u00f3 como Director del Centro de Inteligencia de dicha confederaci\u00f3n.<\/p>\n<p>Desde el a\u00f1o 2000 es socio fundador y Director General de la firma de consultora Grupo Asesores en Econom\u00eda y Administraci\u00f3n P\u00fablica (GAEAP). Desde esta empresa se ha lanzado el conocido blog de econom\u00eda, finanzas y geopol\u00edtica: Economex, as\u00ed como #EconomexPodcast.<\/p>\n<p>Durante doce a\u00f1os fue Presidente Ejecutivo y Director General de la C\u00e1mara de la Industria del Calzado del Estado de Guanajuato (CICEG) y de la C\u00e1mara Nacional de la Industria del Calzado (CANAICAL).<\/p>\n<p>Ha sido conferencista en diversos eventos y foros empresariales; as\u00ed como catedr\u00e1tico en diversas universidades; adem\u00e1s de ser articulista en diversos medios period\u00edsticos impresos y digitales.<\/p>\n<\/div><\/div><\/div><\/div><\/div>\n","protected":false},"excerpt":{"rendered":"","protected":false},"author":1,"featured_media":0,"parent":0,"menu_order":0,"comment_status":"closed","ping_status":"closed","template":"100-width.php","meta":{"footnotes":""},"class_list":["post-3852","page","type-page","status-publish","hentry"],"_links":{"self":[{"href":"https:\/\/congresodelacarne.com\/2026\/wp-json\/wp\/v2\/pages\/3852","targetHints":{"allow":["GET"]}}],"collection":[{"href":"https:\/\/congresodelacarne.com\/2026\/wp-json\/wp\/v2\/pages"}],"about":[{"href":"https:\/\/congresodelacarne.com\/2026\/wp-json\/wp\/v2\/types\/page"}],"author":[{"embeddable":true,"href":"https:\/\/congresodelacarne.com\/2026\/wp-json\/wp\/v2\/users\/1"}],"replies":[{"embeddable":true,"href":"https:\/\/congresodelacarne.com\/2026\/wp-json\/wp\/v2\/comments?post=3852"}],"version-history":[{"count":1,"href":"https:\/\/congresodelacarne.com\/2026\/wp-json\/wp\/v2\/pages\/3852\/revisions"}],"predecessor-version":[{"id":3853,"href":"https:\/\/congresodelacarne.com\/2026\/wp-json\/wp\/v2\/pages\/3852\/revisions\/3853"}],"wp:attachment":[{"href":"https:\/\/congresodelacarne.com\/2026\/wp-json\/wp\/v2\/media?parent=3852"}],"curies":[{"name":"wp","href":"https:\/\/api.w.org\/{rel}","templated":true}]}}