{"id":3290,"date":"2025-11-24T18:23:55","date_gmt":"2025-11-24T18:23:55","guid":{"rendered":"https:\/\/congresodelacarne.com\/2026\/?page_id=3290"},"modified":"2025-12-09T19:20:55","modified_gmt":"2025-12-09T19:20:55","slug":"contacto","status":"publish","type":"page","link":"https:\/\/congresodelacarne.com\/2026\/contacto\/","title":{"rendered":"Contacto"},"content":{"rendered":"<div class=\"fusion-fullwidth fullwidth-box fusion-builder-row-1 fusion-flex-container has-pattern-background has-mask-background nonhundred-percent-fullwidth non-hundred-percent-height-scrolling\" style=\"--awb-border-radius-top-left:0px;--awb-border-radius-top-right:0px;--awb-border-radius-bottom-right:0px;--awb-border-radius-bottom-left:0px;--awb-padding-top:80px;--awb-padding-bottom:100px;--awb-flex-wrap:wrap;\" ><div class=\"fusion-builder-row fusion-row fusion-flex-align-items-flex-start fusion-flex-content-wrap\" style=\"max-width:1372.8px;margin-left: calc(-4% \/ 2 );margin-right: calc(-4% \/ 2 );\"><div class=\"fusion-layout-column fusion_builder_column fusion-builder-column-0 fusion-flex-column fusion-flex-align-self-flex-start\" style=\"--awb-padding-right:20px;--awb-bg-size:cover;--awb-width-large:42%;--awb-margin-top-large:0px;--awb-spacing-right-large:4.5714285714286%;--awb-margin-bottom-large:0px;--awb-spacing-left-large:4.5714285714286%;--awb-width-medium:42%;--awb-order-medium:0;--awb-spacing-right-medium:4.5714285714286%;--awb-spacing-left-medium:4.5714285714286%;--awb-width-small:100%;--awb-order-small:0;--awb-spacing-right-small:1.92%;--awb-margin-bottom-small:60px;--awb-spacing-left-small:1.92%;\" data-motion-effects=\"[{&quot;type&quot;:&quot;scroll&quot;,&quot;scroll_direction&quot;:&quot;down&quot;,&quot;end_element&quot;:&quot;center&quot;,&quot;end_viewport&quot;:&quot;center&quot;}]\" data-scroll-devices=\"medium-visibility,large-visibility\"><div class=\"fusion-column-wrapper fusion-column-has-shadow fusion-flex-justify-content-flex-start fusion-content-layout-column\"><div class=\"fusion-title title fusion-title-1 fusion-sep-none fusion-title-text fusion-title-size-two\" style=\"--awb-text-color:#532b11;\"><h2 class=\"fusion-title-heading title-heading-left\" style=\"margin:0;\">Cont\u00e1ctanos<\/h2><\/div><div class=\"fusion-text fusion-text-1 fusion-text-no-margin\" style=\"--awb-margin-top:15px;--awb-margin-bottom:40px;\"><div class=\"fusion-text fusion-text-4 fusion-text-no-margin\">\n<p>Es nuestro inter\u00e9s poder apoyarle ante cualquier solicitud o necesidad sobre&nbsp;<strong>El Congreso de la Carne y Prote\u00edna Animal<\/strong><\/p>\n<\/div>\n<\/div><div class=\"fusion-separator\" style=\"align-self: flex-start;margin-right:auto;width:100%;max-width:60px;\"><div class=\"fusion-separator-border sep-single sep-dotted\" style=\"--awb-height:20px;--awb-amount:20px;--awb-sep-color:var(--awb-color4);border-color:var(--awb-color4);border-top-width:1px;\"><\/div><\/div><div class=\"fusion-text fusion-text-2 fusion-text-no-margin\" style=\"--awb-font-size:var(--awb-custom_typography_2-font-size);--awb-line-height:1.2;--awb-text-transform:var(--awb-custom_typography_2-text-transform);--awb-margin-top:40px;--awb-margin-bottom:30px;--awb-text-font-family:var(--awb-custom_typography_2-font-family);--awb-text-font-weight:var(--awb-custom_typography_2-font-weight);--awb-text-font-style:var(--awb-custom_typography_2-font-style);\"><h5><strong>\u00a1Reserve hoy mismo su espacio y sea parte del foro de negocios y exposici\u00f3n m\u00e1s importante de producci\u00f3n de carne de nuestro pa\u00eds!<\/strong><\/h5>\n<\/div><div class=\"fusion-builder-row fusion-builder-row-inner fusion-row fusion-flex-align-items-flex-start fusion-flex-content-wrap\" style=\"width:104% !important;max-width:104% !important;margin-left: calc(-4% \/ 2 );margin-right: calc(-4% \/ 2 );\"><div class=\"fusion-layout-column fusion_builder_column_inner fusion-builder-nested-column-0 fusion_builder_column_inner_1_1 1_1 fusion-flex-column\" style=\"--awb-bg-size:cover;--awb-width-large:100%;--awb-margin-top-large:0px;--awb-spacing-right-large:1.92%;--awb-margin-bottom-large:0px;--awb-spacing-left-large:1.92%;--awb-width-medium:100%;--awb-order-medium:0;--awb-spacing-right-medium:1.92%;--awb-spacing-left-medium:1.92%;--awb-width-small:100%;--awb-order-small:0;--awb-spacing-right-small:1.92%;--awb-spacing-left-small:1.92%;\"><div class=\"fusion-column-wrapper fusion-column-has-shadow fusion-flex-justify-content-flex-start fusion-content-layout-row\"><div class=\"fusion-text fusion-text-3 fusion-text-no-margin\" style=\"--awb-font-size:var(--awb-typography2-font-size);--awb-line-height:var(--awb-typography2-line-height);--awb-letter-spacing:1px;--awb-text-transform:var(--awb-typography2-text-transform);--awb-margin-bottom:0px;--awb-text-font-family:&quot;Barlow Condensed&quot;;--awb-text-font-style:normal;--awb-text-font-weight:300;\"><p><strong>Gerente de ventas<\/strong><\/p>\n<\/div><\/div><\/div><\/div><div class=\"fusion-builder-row fusion-builder-row-inner fusion-row fusion-flex-align-items-flex-start fusion-flex-content-wrap\" style=\"width:104% !important;max-width:104% !important;margin-left: calc(-4% \/ 2 );margin-right: calc(-4% \/ 2 );\"><div class=\"fusion-layout-column fusion_builder_column_inner fusion-builder-nested-column-1 fusion_builder_column_inner_1_1 1_1 fusion-flex-column\" style=\"--awb-bg-size:cover;--awb-width-large:100%;--awb-margin-top-large:0px;--awb-spacing-right-large:1.92%;--awb-margin-bottom-large:0px;--awb-spacing-left-large:1.92%;--awb-width-medium:100%;--awb-order-medium:0;--awb-spacing-right-medium:1.92%;--awb-spacing-left-medium:1.92%;--awb-width-small:100%;--awb-order-small:0;--awb-spacing-right-small:1.92%;--awb-spacing-left-small:1.92%;\"><div class=\"fusion-column-wrapper fusion-column-has-shadow fusion-flex-justify-content-flex-start fusion-content-layout-row\"><i class=\"fb-icon-element-1 fb-icon-element fontawesome-icon awb-business-phone-alt-solid circle-yes fusion-text-flow\" style=\"--awb-circlebordercolor-hover:var(--awb-color8);--awb-circlebordersize:0px;--awb-font-size:15.84px;--awb-width:31.68px;--awb-height:31.68px;--awb-line-height:31.68px;--awb-margin-top:5px;--awb-margin-right:10px;\"><\/i><div class=\"fusion-text fusion-text-4 fusion-text-no-margin\" style=\"--awb-font-size:var(--awb-typography2-font-size);--awb-line-height:var(--awb-typography2-line-height);--awb-letter-spacing:1px;--awb-text-transform:var(--awb-typography2-text-transform);--awb-margin-bottom:0px;--awb-text-font-family:&quot;Barlow Condensed&quot;;--awb-text-font-style:normal;--awb-text-font-weight:300;\"><p><strong>81.1931.3324<\/strong><\/p>\n<\/div><\/div><\/div><\/div><div class=\"fusion-builder-row fusion-builder-row-inner fusion-row fusion-flex-align-items-flex-start fusion-flex-content-wrap\" style=\"width:104% !important;max-width:104% !important;margin-left: calc(-4% \/ 2 );margin-right: calc(-4% \/ 2 );\"><div class=\"fusion-layout-column fusion_builder_column_inner fusion-builder-nested-column-2 fusion_builder_column_inner_1_1 1_1 fusion-flex-column\" style=\"--awb-bg-size:cover;--awb-width-large:100%;--awb-margin-top-large:0px;--awb-spacing-right-large:1.92%;--awb-margin-bottom-large:0px;--awb-spacing-left-large:1.92%;--awb-width-medium:100%;--awb-order-medium:0;--awb-spacing-right-medium:1.92%;--awb-spacing-left-medium:1.92%;--awb-width-small:100%;--awb-order-small:0;--awb-spacing-right-small:1.92%;--awb-spacing-left-small:1.92%;\"><div class=\"fusion-column-wrapper fusion-column-has-shadow fusion-flex-justify-content-flex-start fusion-content-layout-row\"><i class=\"fb-icon-element-2 fb-icon-element fontawesome-icon fa-envelope fas circle-yes fusion-text-flow\" style=\"--awb-circlebordercolor-hover:var(--awb-color8);--awb-circlebordersize:0px;--awb-font-size:15.84px;--awb-width:31.68px;--awb-height:31.68px;--awb-line-height:31.68px;--awb-margin-top:5px;--awb-margin-right:10px;\"><\/i><div class=\"fusion-text fusion-text-5 fusion-text-no-margin\" style=\"--awb-font-size:var(--awb-typography2-font-size);--awb-line-height:var(--awb-typography2-line-height);--awb-text-transform:var(--awb-typography2-text-transform);--awb-text-color:var(--awb-color8);--awb-margin-bottom:0px;--awb-text-font-family:&quot;Barlow Condensed&quot;;--awb-text-font-style:normal;--awb-text-font-weight:300;\"><p>abel.espinosa@congresodelacarne.com<\/p>\n<\/div><\/div><\/div><\/div><\/div><\/div><div class=\"fusion-layout-column fusion_builder_column fusion-builder-column-1 fusion-flex-column\" style=\"--awb-padding-top:20px;--awb-padding-right:60px;--awb-padding-bottom:60px;--awb-padding-left:60px;--awb-overflow:hidden;--awb-bg-color:var(--awb-color2);--awb-bg-color-hover:var(--awb-color2);--awb-bg-size:cover;--awb-border-radius:0px 0px 0px 25px;--awb-width-large:58%;--awb-margin-top-large:0px;--awb-spacing-right-large:3.3103448275862%;--awb-margin-bottom-large:0px;--awb-spacing-left-large:3.3103448275862%;--awb-width-medium:58%;--awb-order-medium:0;--awb-spacing-right-medium:3.3103448275862%;--awb-spacing-left-medium:3.3103448275862%;--awb-width-small:100%;--awb-order-small:0;--awb-spacing-right-small:1.92%;--awb-margin-bottom-small:40px;--awb-spacing-left-small:1.92%;\"><div class=\"fusion-column-wrapper fusion-column-has-shadow fusion-flex-justify-content-flex-start fusion-content-layout-column\">\n<div class=\"wpcf7 no-js\" id=\"wpcf7-f3743-o1\" lang=\"es-MX\" dir=\"ltr\" data-wpcf7-id=\"3743\">\n<div class=\"screen-reader-response\"><p role=\"status\" aria-live=\"polite\" aria-atomic=\"true\"><\/p> <ul><\/ul><\/div>\n<form action=\"\/2026\/wp-json\/wp\/v2\/pages\/3290#wpcf7-f3743-o1\" method=\"post\" class=\"wpcf7-form init\" aria-label=\"Formulario de contacto\" novalidate=\"novalidate\" data-status=\"init\">\n<fieldset class=\"hidden-fields-container\"><input type=\"hidden\" name=\"_wpcf7\" value=\"3743\" \/><input type=\"hidden\" name=\"_wpcf7_version\" value=\"6.1.5\" \/><input type=\"hidden\" name=\"_wpcf7_locale\" value=\"es_MX\" \/><input type=\"hidden\" name=\"_wpcf7_unit_tag\" value=\"wpcf7-f3743-o1\" \/><input type=\"hidden\" name=\"_wpcf7_container_post\" value=\"0\" \/><input type=\"hidden\" name=\"_wpcf7_posted_data_hash\" value=\"\" \/><input type=\"hidden\" name=\"_wpcf7_recaptcha_response\" value=\"\" \/>\n<\/fieldset>\n<div class=\"row\">\n\t<div class=\"col-lg-4\">\n\t\t<p><label> Nombre:<br \/>\n<span class=\"wpcf7-form-control-wrap\" data-name=\"nombre\"><input size=\"40\" maxlength=\"400\" class=\"wpcf7-form-control wpcf7-text wpcf7-validates-as-required\" aria-required=\"true\" aria-invalid=\"false\" value=\"\" type=\"text\" name=\"nombre\" \/><\/span> <\/label>\n\t\t<\/p>\n\t<\/div>\n\t<div class=\"col-lg-4\">\n\t\t<p><label> Correo:<br \/>\n<span class=\"wpcf7-form-control-wrap\" data-name=\"correo\"><input size=\"40\" maxlength=\"400\" class=\"wpcf7-form-control wpcf7-email wpcf7-validates-as-required wpcf7-text wpcf7-validates-as-email\" aria-required=\"true\" aria-invalid=\"false\" value=\"\" type=\"email\" name=\"correo\" \/><\/span> <\/label>\n\t\t<\/p>\n\t<\/div>\n\t<div class=\"col-lg-4\">\n\t\t<p><label> Tel\u00e9fono:<br \/>\n<span class=\"wpcf7-form-control-wrap\" data-name=\"telefono\"><input size=\"40\" maxlength=\"400\" class=\"wpcf7-form-control wpcf7-tel wpcf7-validates-as-required wpcf7-text wpcf7-validates-as-tel\" aria-required=\"true\" aria-invalid=\"false\" value=\"\" type=\"tel\" name=\"telefono\" \/><\/span> <\/label>\n\t\t<\/p>\n\t<\/div>\n\t<div class=\"col-lg-12\">\n\t\t<p><label> Asunto:<br \/>\n<span class=\"wpcf7-form-control-wrap\" data-name=\"asunto\"><input size=\"40\" maxlength=\"400\" class=\"wpcf7-form-control wpcf7-text wpcf7-validates-as-required\" aria-required=\"true\" aria-invalid=\"false\" value=\"\" type=\"text\" name=\"asunto\" \/><\/span> <\/label>\n\t\t<\/p>\n\t<\/div>\n\t<div class=\"col-lg-12\">\n\t\t<p><label> Mensaje:<br \/>\n<span class=\"wpcf7-form-control-wrap\" data-name=\"mensaje\"><textarea cols=\"40\" rows=\"10\" maxlength=\"2000\" class=\"wpcf7-form-control wpcf7-textarea wpcf7-validates-as-required\" aria-required=\"true\" aria-invalid=\"false\" name=\"mensaje\"><\/textarea><\/span> <\/label>\n\t\t<\/p>\n\t<\/div>\n\t<div class=\"col-lg-12\">\n\t\t<p><input class=\"wpcf7-form-control wpcf7-submit has-spinner\" type=\"submit\" value=\"Enviar\" \/>\n\t\t<\/p>\n\t<\/div>\n<\/div><div class=\"fusion-alert alert custom alert-custom fusion-alert-center wpcf7-response-output awb-alert-native-link-color alert-dismissable awb-alert-close-boxed\" style=\"--awb-border-size:1px;--awb-border-top-left-radius:0px;--awb-border-top-right-radius:0px;--awb-border-bottom-left-radius:0px;--awb-border-bottom-right-radius:0px;\" role=\"alert\"><div class=\"fusion-alert-content-wrapper\"><span class=\"fusion-alert-content\"><\/span><\/div><button type=\"button\" class=\"close toggle-alert\" data-dismiss=\"alert\" aria-label=\"Close\">&times;<\/button><\/div>\n<\/form>\n<\/div>\n<\/div><\/div><\/div><\/div>\n","protected":false},"excerpt":{"rendered":"","protected":false},"author":1,"featured_media":0,"parent":0,"menu_order":0,"comment_status":"closed","ping_status":"closed","template":"100-width.php","meta":{"footnotes":""},"class_list":["post-3290","page","type-page","status-publish","hentry"],"_links":{"self":[{"href":"https:\/\/congresodelacarne.com\/2026\/wp-json\/wp\/v2\/pages\/3290","targetHints":{"allow":["GET"]}}],"collection":[{"href":"https:\/\/congresodelacarne.com\/2026\/wp-json\/wp\/v2\/pages"}],"about":[{"href":"https:\/\/congresodelacarne.com\/2026\/wp-json\/wp\/v2\/types\/page"}],"author":[{"embeddable":true,"href":"https:\/\/congresodelacarne.com\/2026\/wp-json\/wp\/v2\/users\/1"}],"replies":[{"embeddable":true,"href":"https:\/\/congresodelacarne.com\/2026\/wp-json\/wp\/v2\/comments?post=3290"}],"version-history":[{"count":6,"href":"https:\/\/congresodelacarne.com\/2026\/wp-json\/wp\/v2\/pages\/3290\/revisions"}],"predecessor-version":[{"id":3744,"href":"https:\/\/congresodelacarne.com\/2026\/wp-json\/wp\/v2\/pages\/3290\/revisions\/3744"}],"wp:attachment":[{"href":"https:\/\/congresodelacarne.com\/2026\/wp-json\/wp\/v2\/media?parent=3290"}],"curies":[{"name":"wp","href":"https:\/\/api.w.org\/{rel}","templated":true}]}}