{"id":3078,"date":"2023-11-20T17:55:57","date_gmt":"2023-11-20T17:55:57","guid":{"rendered":"https:\/\/congresodelacarne.com\/2026\/?page_id=3078"},"modified":"2025-12-09T18:41:22","modified_gmt":"2025-12-09T18:41:22","slug":"patrocinios-corporativos","status":"publish","type":"page","link":"https:\/\/congresodelacarne.com\/2026\/patrocinios-corporativos\/","title":{"rendered":"Patrocinios corporativos"},"content":{"rendered":"<div class=\"fusion-fullwidth fullwidth-box fusion-builder-row-1 fusion-flex-container has-pattern-background has-mask-background fusion-parallax-none nonhundred-percent-fullwidth non-hundred-percent-height-scrolling lazyload\" style=\"--awb-background-position:right bottom;--awb-border-radius-top-left:0px;--awb-border-radius-top-right:0px;--awb-border-radius-bottom-right:0px;--awb-border-radius-bottom-left:0px;--awb-padding-top:40px;--awb-background-size:contain;--awb-flex-wrap:wrap;\" data-bg=\"https:\/\/congresodelacarne.com\/2026\/wp-content\/uploads\/2025\/11\/CIC26-Fondo_4.webp\" ><div class=\"fusion-builder-row fusion-row fusion-flex-align-items-flex-start fusion-flex-content-wrap\" style=\"max-width:1372.8px;margin-left: calc(-4% \/ 2 );margin-right: calc(-4% \/ 2 );\"><div class=\"fusion-layout-column fusion_builder_column fusion-builder-column-0 fusion_builder_column_1_1 1_1 fusion-flex-column\" style=\"--awb-padding-bottom:60px;--awb-bg-size:cover;--awb-width-large:100%;--awb-margin-top-large:0px;--awb-spacing-right-large:1.92%;--awb-margin-bottom-large:0px;--awb-spacing-left-large:1.92%;--awb-width-medium:100%;--awb-order-medium:0;--awb-spacing-right-medium:1.92%;--awb-spacing-left-medium:1.92%;--awb-width-small:100%;--awb-order-small:0;--awb-spacing-right-small:1.92%;--awb-spacing-left-small:1.92%;\"><div class=\"fusion-column-wrapper fusion-column-has-shadow fusion-flex-justify-content-flex-start fusion-content-layout-column\"><div class=\"fusion-text fusion-text-1 fusion-text-no-margin\" style=\"--awb-text-transform:none;--awb-margin-bottom:50px;\"><h3 style=\"text-align: center;\">Contrate HOY MISMO<br \/>\nsu patrocinio en este importante evento<\/h3>\n<\/div><style type='text\/css'>\n\t\t\t\t.pricing-table-1.fusion-pricing-table .panel-container, .pricing-table-1.fusion-pricing-table .standout .panel-container,\n\t\t\t\t.pricing-table-1.full-boxed-pricing.fusion-pricing-table {background-color:var(--awb-color1);}\n\t\t\t\t.pricing-table-1.fusion-pricing-table .list-group .list-group-item,\n\t\t\t\t.pricing-table-1.fusion-pricing-table .list-group .list-group-item:last-child{background-color:var(--awb-color1); border-color:var(--awb-color3);}\n\t\t\t\t.pricing-table-1.full-boxed-pricing.fusion-pricing-table .panel-wrapper:hover .panel-heading,\n\t\t\t\t.pricing-table-1.fusion-pricing-table .panel-wrapper:hover .list-group-item {background-color:var(--awb-color1);}\n\t\t\t\t.pricing-table-1.full-boxed-pricing.fusion-pricing-table .panel-heading{background-color:var(--awb-color1);}\n\t\t\t\t.pricing-table-1.fusion-pricing-table .fusion-panel, .pricing-table-1 .panel-wrapper:last-child .fusion-panel,\n\t\t\t\t.pricing-table-1.fusion-pricing-table .standout .fusion-panel, .pricing-table-1.fusion-pricing-table  .panel-heading,\n\t\t\t\t.pricing-table-1.fusion-pricing-table .panel-body, .pricing-table-1.fusion-pricing-table .panel-footer{border-color:var(--awb-color3);}\n\t\t\t\t.pricing-table-1.fusion-pricing-table .panel-body, .pricing-table-1.fusion-pricing-table .panel-footer{background-color:var(--awb-color1);}\n\t\t\t\t.pricing-table-1.sep-boxed-pricing.fusion-pricing-table .panel-heading h3{color:var(--awb-color1);}\n\t\t\t\t.pricing-table-1.full-boxed-pricing.fusion-pricing-table .panel-heading h3{color:var(--awb-color5);}\n\t\t\t\t.pricing-table-1.fusion-pricing-table .panel-body .price .decimal-part{color:var(--awb-color6);}\n\t\t\t\t.pricing-table-1.fusion-pricing-table .panel-body .price .integer-part{color:var(--awb-color6);}\n\t\t\t\t.pricing-table-1.fusion-pricing-table ul.list-group li{color:var(--awb-color7);}\n\t\t\t\t<\/style><div class=\"fusion-pricing-table pricing-table-1 full-boxed-pricing row fusion-columns-4 columns-4 fusion-clearfix\" style=\"margin-top:25px;\"><div class=\"panel-wrapper fusion-column column col-lg-3 col-md-3 col-sm-3 standout fusion-pricingtable-column\"><div class=\"panel-container\"><div class=\"fusion-panel\"><div class=\"panel-heading\"><h3 class=\"title-row\">Diamante VENDIDO<\/h3><\/div><div class=\"panel-body pricing-row\"><div class=\"price \"><span class=\"currency\">$<\/span><span class=\"integer-part\">400<\/span><span class=\"time price-without-decimal\">mil pesos<\/span><\/div><\/div><ul class=\"list-group\"><li class=\"list-group-item normal-row\">Incluye: 36 m\u00b2 <\/li><li class=\"list-group-item normal-row\">\u2714\ufe0f Logotipo en sitio web oficial del evento y publicidad impresa del evento<\/li><li class=\"list-group-item normal-row\">\u2714\ufe0f Difusi\u00f3n de su marca en redes sociales del evento<\/li><li class=\"list-group-item normal-row\">\u2714\ufe0f Logotipo en portada de Directorio\/programa del evento<\/li><li class=\"list-group-item normal-row\">\u2714\ufe0f Menci\u00f3n y agradecimiento en carta de bienvenida de Directorio\/Programa del evento<\/li><li class=\"list-group-item normal-row\">\u2714\ufe0f Logotipo en escenario principal de sala de Conferencias plenarias<\/li><li class=\"list-group-item normal-row\">\u2714\ufe0f 1 p\u00e1gina interior de anuncio publicitario de su marca en el directorio de expositores<\/li><li class=\"list-group-item normal-row\">\u2714\ufe0f Integrar su folleto promocional en kit de bienvenida<\/li><li class=\"list-group-item normal-row\">\u2714\ufe0f Logotipo en arco de entrada del evento<\/li><li class=\"list-group-item normal-row\">\u2714\ufe0f Logotipo en plano impreso en sitio del evento<\/li><li class=\"list-group-item normal-row\">\u2714\ufe0f 1 env\u00edo promocional a base de datos de visitantes al evento*<\/li><li class=\"list-group-item normal-row\">\u2714\ufe0f Posibilidad de dar conferencias en temas relacionados al programa del congreso y previamente autorizados por el comit\u00e9 organizador: 1 conferencia*<\/li><\/ul><div class=\"panel-footer footer-row\">Disponible: 1<\/div><\/div><\/div><\/div><div class=\"panel-wrapper fusion-column column col-lg-3 col-md-3 col-sm-3 fusion-pricingtable-column\"><div class=\"panel-container\"><div class=\"fusion-panel\"><div class=\"panel-heading\"><h3 class=\"title-row\">Platino<\/h3><\/div><div class=\"panel-body pricing-row\"><div class=\"price \"><span class=\"currency\">$<\/span><span class=\"integer-part\">270<\/span><span class=\"time price-without-decimal\">mil pesos<\/span><\/div><\/div><ul class=\"list-group\"><li class=\"list-group-item normal-row\">Incluye: 18 m\u00b2<\/li><li class=\"list-group-item normal-row\">\u2714\ufe0f Logotipo en sitio web oficial del evento y publicidad impresa del evento<\/li><li class=\"list-group-item normal-row\">\u2714\ufe0f Difusi\u00f3n de su marca en redes sociales del evento<\/li><li class=\"list-group-item normal-row\">\u2714\ufe0f Logotipo en portada de Directorio\/programa del evento<\/li><li class=\"list-group-item normal-row\">\u2714\ufe0f Menci\u00f3n y agradecimiento en carta de bienvenida de Directorio\/Programa del evento<\/li><li class=\"list-group-item normal-row\">\u2714\ufe0f Logotipo en escenario principal de sala de Conferencias plenarias<\/li><li class=\"list-group-item normal-row\">\u2714\ufe0f 1 p\u00e1gina interior de anuncio publicitario de su marca en el directorio de expositores<\/li><li class=\"list-group-item normal-row\">\u2714\ufe0f Integrar su folleto promocional en kit de bienvenida<\/li><li class=\"list-group-item normal-row\">\u2714\ufe0f Logotipo en arco de entrada del evento<\/li><li class=\"list-group-item normal-row\">\u2714\ufe0f Logotipo en plano impreso en sitio del evento<\/li><li class=\"list-group-item normal-row\">\u2714\ufe0f 1 env\u00edo promocional a base de datos de visitantes al evento*<\/li><li class=\"list-group-item normal-row\">\u2714\ufe0f Posibilidad de dar conferencias en temas relacionados al programa del congreso y previamente autorizados por el comit\u00e9 organizador: 1 conferencia*<\/li><\/ul><div class=\"panel-footer footer-row\">Disponibles: 3<\/div><\/div><\/div><\/div><div class=\"panel-wrapper fusion-column column col-lg-3 col-md-3 col-sm-3 fusion-pricingtable-column\"><div class=\"panel-container\"><div class=\"fusion-panel\"><div class=\"panel-heading\"><h3 class=\"title-row\">Oro<\/h3><\/div><div class=\"panel-body pricing-row\"><div class=\"price \"><span class=\"currency\">$<\/span><span class=\"integer-part\">190<\/span><span class=\"time price-without-decimal\">mil pesos<\/span><\/div><\/div><ul class=\"list-group\"><li class=\"list-group-item normal-row\">Incluye: 9 m\u00b2<\/li><li class=\"list-group-item normal-row\">\u2714\ufe0f Logotipo en sitio web oficial del evento y publicidad impresa del evento<\/li><li class=\"list-group-item normal-row\">\u2714\ufe0f Difusi\u00f3n de su marca en redes sociales del evento<\/li><li class=\"list-group-item normal-row\">\u274c Logotipo en portada de Directorio\/programa del evento<\/li><li class=\"list-group-item normal-row\">\u2714\ufe0f Menci\u00f3n y agradecimiento en carta de bienvenida de Directorio\/Programa del evento<\/li><li class=\"list-group-item normal-row\">\u274c Logotipo en escenario principal de sala de Conferencias plenarias<\/li><li class=\"list-group-item normal-row\">\u2714\ufe0f 1 p\u00e1gina interior de anuncio publicitario de su marca en el directorio de expositores<\/li><li class=\"list-group-item normal-row\">\u2714\ufe0f Integrar su folleto promocional en kit de bienvenida<\/li><li class=\"list-group-item normal-row\">\u2714\ufe0f Logotipo en arco de entrada del evento<\/li><li class=\"list-group-item normal-row\">\u2714\ufe0f Logotipo en plano impreso en sitio del evento<\/li><li class=\"list-group-item normal-row\">\u2714\ufe0f 1 env\u00edo promocional a base de datos de visitantes al evento*<\/li><li class=\"list-group-item normal-row\">\u274c Posibilidad de dar conferencias en temas relacionados al programa del congreso y previamente autorizados por el comit\u00e9 organizador<\/li><\/ul><div class=\"panel-footer footer-row\">Disponibles: 5<\/div><\/div><\/div><\/div><div class=\"panel-wrapper fusion-column column col-lg-3 col-md-3 col-sm-3 fusion-pricingtable-column\"><div class=\"panel-container\"><div class=\"fusion-panel\"><div class=\"panel-heading\"><h3 class=\"title-row\">Plata<\/h3><\/div><div class=\"panel-body pricing-row\"><div class=\"price \"><span class=\"currency\">$<\/span><span class=\"integer-part\">150<\/span><span class=\"time price-without-decimal\">mil pesos<\/span><\/div><\/div><ul class=\"list-group\"><li class=\"list-group-item normal-row\">Incluye: 9 m\u00b2<\/li><li class=\"list-group-item normal-row\">\u2714\ufe0f Logotipo en sitio web oficial del evento y publicidad impresa del evento<\/li><li class=\"list-group-item normal-row\">\u2714\ufe0f Difusi\u00f3n de su marca en redes sociales del evento<\/li><li class=\"list-group-item normal-row\">\u274c Logotipo en portada de Directorio\/programa del evento<\/li><li class=\"list-group-item normal-row\">\u2714\ufe0f Menci\u00f3n y agradecimiento en carta de bienvenida de Directorio\/Programa del evento<\/li><li class=\"list-group-item normal-row\">\u274c Logotipo en escenario principal de sala de Conferencias plenarias<\/li><li class=\"list-group-item normal-row\">\u274c 1 p\u00e1gina interior de anuncio publicitario de su marca en el directorio de expositores<\/li><li class=\"list-group-item normal-row\">\u274c Integrar su folleto promocional en kit de bienvenida<\/li><li class=\"list-group-item normal-row\">\u274c Logotipo en arco de entrada del evento<\/li><li class=\"list-group-item normal-row\">\u274c Logotipo en plano impreso en sitio del evento<\/li><li class=\"list-group-item normal-row\">\u274c 1 env\u00edo promocional a base de datos de visitantes al evento*<\/li><li class=\"list-group-item normal-row\">\u274c Posibilidad de dar conferencias en temas relacionados al programa del congreso y previamente autorizados por el comit\u00e9 organizador<\/li><\/ul><div class=\"panel-footer footer-row\">Disponibles: 5<\/div><\/div><\/div><\/div><\/div><div class=\"fusion-alert alert custom alert-custom fusion-alert-left awb-alert-native-link-color\" style=\"--awb-background-color:#dcedf4;--awb-accent-color:#005b89;--awb-border-size:0px;--awb-border-top-left-radius:10px;--awb-border-top-right-radius:10px;--awb-border-bottom-left-radius:10px;--awb-border-bottom-right-radius:10px;--awb-margin-top:60px;--awb-margin-bottom:50px;\" role=\"alert\"><div class=\"fusion-alert-content-wrapper\"><span class=\"alert-icon\"><i class=\"fa-info-circle fas\" aria-hidden=\"true\"><\/i><\/span><span class=\"fusion-alert-content\"><span class=\"elementor-alert-title\">*Precios expresados en pesos mexicanos, m\u00e1s IVA.<br \/>\n*Sujeto a disponibilidad de espacios dentro del programa y autorizaci\u00f3n del comit\u00e9 acad\u00e9mico.<\/span><\/span><\/div><\/div><\/div><\/div><\/div><\/div>\n","protected":false},"excerpt":{"rendered":"","protected":false},"author":1,"featured_media":0,"parent":0,"menu_order":0,"comment_status":"closed","ping_status":"closed","template":"100-width.php","meta":{"footnotes":""},"class_list":["post-3078","page","type-page","status-publish","hentry"],"_links":{"self":[{"href":"https:\/\/congresodelacarne.com\/2026\/wp-json\/wp\/v2\/pages\/3078","targetHints":{"allow":["GET"]}}],"collection":[{"href":"https:\/\/congresodelacarne.com\/2026\/wp-json\/wp\/v2\/pages"}],"about":[{"href":"https:\/\/congresodelacarne.com\/2026\/wp-json\/wp\/v2\/types\/page"}],"author":[{"embeddable":true,"href":"https:\/\/congresodelacarne.com\/2026\/wp-json\/wp\/v2\/users\/1"}],"replies":[{"embeddable":true,"href":"https:\/\/congresodelacarne.com\/2026\/wp-json\/wp\/v2\/comments?post=3078"}],"version-history":[{"count":9,"href":"https:\/\/congresodelacarne.com\/2026\/wp-json\/wp\/v2\/pages\/3078\/revisions"}],"predecessor-version":[{"id":3731,"href":"https:\/\/congresodelacarne.com\/2026\/wp-json\/wp\/v2\/pages\/3078\/revisions\/3731"}],"wp:attachment":[{"href":"https:\/\/congresodelacarne.com\/2026\/wp-json\/wp\/v2\/media?parent=3078"}],"curies":[{"name":"wp","href":"https:\/\/api.w.org\/{rel}","templated":true}]}}