{"id":1268,"date":"2022-10-10T17:27:37","date_gmt":"2022-10-10T17:27:37","guid":{"rendered":"https:\/\/avadawebsites.wpengine.com\/business\/?page_id=1268"},"modified":"2026-04-09T16:06:03","modified_gmt":"2026-04-09T16:06:03","slug":"talleres-tecnicos","status":"publish","type":"page","link":"https:\/\/congresodelacarne.com\/2026\/talleres-tecnicos\/","title":{"rendered":"Talleres t\u00e9cnicos"},"content":{"rendered":"<p><div class=\"fusion-fullwidth fullwidth-box fusion-builder-row-1 fusion-flex-container has-pattern-background has-mask-background nonhundred-percent-fullwidth non-hundred-percent-height-scrolling\" style=\"--awb-background-position:center bottom;--awb-border-radius-top-left:0px;--awb-border-radius-top-right:0px;--awb-border-radius-bottom-right:0px;--awb-border-radius-bottom-left:0px;--awb-background-size:contain;--awb-flex-wrap:wrap;\" ><div class=\"fusion-builder-row fusion-row fusion-flex-align-items-flex-start fusion-flex-content-wrap\" style=\"max-width:1372.8px;margin-left: calc(-4% \/ 2 );margin-right: calc(-4% \/ 2 );\"><div class=\"fusion-layout-column fusion_builder_column fusion-builder-column-0 fusion_builder_column_1_1 1_1 fusion-flex-column fusion-animated\" style=\"--awb-bg-size:cover;--awb-width-large:100%;--awb-margin-top-large:0px;--awb-spacing-right-large:1.92%;--awb-margin-bottom-large:0px;--awb-spacing-left-large:1.92%;--awb-width-medium:100%;--awb-order-medium:0;--awb-spacing-right-medium:1.92%;--awb-spacing-left-medium:1.92%;--awb-width-small:100%;--awb-order-small:0;--awb-spacing-right-small:1.92%;--awb-spacing-left-small:1.92%;\" data-animationType=\"fadeInDown\" data-animationDuration=\"1.0\" data-animationOffset=\"top-into-view\"><div class=\"fusion-column-wrapper fusion-column-has-shadow fusion-flex-justify-content-flex-start fusion-content-layout-column\"><div class=\"fusion-text fusion-text-1 fusion-text-no-margin\" style=\"--awb-content-alignment:center;--awb-font-size:22px;--awb-text-color:#532b11;--awb-margin-top:60px;--awb-margin-bottom:60px;\"><p>Capac\u00edtate y haz m\u00e1s rentable tu negocio de carne, con los aprendizajes de nuestros talleres t\u00e9cnicos<br \/>especializados que se impartir\u00e1n en el <strong>Congreso Internacional de la Carne 2026<\/strong><\/p>\n<\/div><\/div><\/div><div class=\"fusion-layout-column fusion_builder_column fusion-builder-column-1 fusion_builder_column_1_1 1_1 fusion-flex-column\" style=\"--awb-overflow:hidden;--awb-bg-color:#6b431a;--awb-bg-color-hover:#6b431a;--awb-bg-size:cover;--awb-border-radius:20px 20px 20px 20px;--awb-width-large:100%;--awb-margin-top-large:0px;--awb-spacing-right-large:1.92%;--awb-margin-bottom-large:20px;--awb-spacing-left-large:1.92%;--awb-width-medium:100%;--awb-order-medium:0;--awb-spacing-right-medium:1.92%;--awb-spacing-left-medium:1.92%;--awb-width-small:100%;--awb-order-small:0;--awb-spacing-right-small:1.92%;--awb-spacing-left-small:1.92%;\"><div class=\"fusion-column-wrapper fusion-column-has-shadow fusion-flex-justify-content-flex-start fusion-content-layout-column\"><div class=\"fusion-title title fusion-title-1 fusion-sep-none fusion-title-center fusion-title-text fusion-title-size-paragraph\" style=\"--awb-text-color:var(--awb-color1);--awb-margin-top:35px;--awb-margin-bottom:35px;--awb-font-size:45px;\"><p class=\"fusion-title-heading title-heading-center title-heading-tag\" style=\"margin:0;text-transform:none;font-size:1em;line-height:1;\"><strong>Costo de cada taller $2,100 pesos* (antes del 6 de marzo)<\/strong><br \/>\n<span style=\"font-size:35px\">y $2,500 pesos* despu\u00e9s de esa fecha<br \/><small>IVA incluido*<\/small><\/span><\/p><\/div><\/div><\/div><\/div><\/div><div class=\"fusion-fullwidth fullwidth-box fusion-builder-row-2 fusion-flex-container fusion-parallax-none nonhundred-percent-fullwidth non-hundred-percent-height-scrolling lazyload\" style=\"--awb-background-position:left bottom;--awb-border-radius-top-left:0px;--awb-border-radius-top-right:0px;--awb-border-radius-bottom-right:0px;--awb-border-radius-bottom-left:0px;--awb-padding-top:90px;--awb-padding-bottom:100px;--awb-background-size:cover;--awb-flex-wrap:wrap;\" data-bg=\"https:\/\/congresodelacarne.com\/2025\/wp-content\/uploads\/2024\/11\/CIC25-Fondo_4.webp\" ><div class=\"fusion-builder-row fusion-row fusion-flex-align-items-flex-start fusion-flex-justify-content-center fusion-flex-content-wrap\" style=\"max-width:1372.8px;margin-left: calc(-4% \/ 2 );margin-right: calc(-4% \/ 2 );\"><div class=\"fusion-layout-column fusion_builder_column fusion-builder-column-2 fusion_builder_column_1_3 1_3 fusion-flex-column fusion-animated\" style=\"--awb-bg-color:var(--awb-color1);--awb-bg-color-hover:var(--awb-color1);--awb-bg-size:cover;--awb-width-large:33.333333333333%;--awb-margin-top-large:0px;--awb-spacing-right-large:5.76%;--awb-margin-bottom-large:0px;--awb-spacing-left-large:5.76%;--awb-width-medium:33.333333333333%;--awb-order-medium:0;--awb-spacing-right-medium:5.76%;--awb-spacing-left-medium:5.76%;--awb-width-small:100%;--awb-order-small:0;--awb-spacing-right-small:1.92%;--awb-spacing-left-small:1.92%;\" data-animationType=\"fadeInDown\" data-animationDuration=\"1.0\" data-animationOffset=\"top-into-view\"><div class=\"fusion-column-wrapper fusion-column-has-shadow fusion-flex-justify-content-flex-start fusion-content-layout-column\"><div class=\"fusion-title title fusion-title-2 fusion-sep-none fusion-title-center fusion-title-text fusion-title-size-three\" style=\"--awb-text-color:var(--awb-color1);--awb-margin-bottom:0px;\"><h3 class=\"fusion-title-heading title-heading-center\" style=\"font-family:&quot;Fira Sans Extra Condensed&quot;;font-style:normal;font-weight:700;margin:0;text-transform:none;line-height:1;\"><div style=\"background-color: #edae3d; padding: 15px; text-align: center;\">MEJORA TU NEGOCIO CON EMBUTIDOS SALUDABLES<br \/>DE VALOR AGREGADO<\/div><\/h3><\/div><div class=\"fusion-text fusion-text-2\" style=\"--awb-line-height:1.5;--awb-margin-right:20px;--awb-margin-left:20px;\"><h5 style=\"text-align: center;\">D\u00eda 29 de abril de 2026<br \/>Horario: 08:40 a 11:40 hrs<\/h5>\n<p style=\"text-align: center;\"><strong>Sal\u00f3n: Dentro de la Expo en el \u00e1rea de talleres t\u00e9cnicos<\/strong><\/p>\n<p>&#8211; Ven y participa en nuestro taller 99% practico, aprende como formular con el m\u00ednimo de aditivos, produciendo embutidos de alto valor.<br \/>&#8211; Ven a practicar con nosotros y conoce como haciendo m\u00e1s saludable tu negocio de embutidos, puede ser m\u00e1s rentable. Elaborando desde cero productos curados, madurados, y cocidos.<\/p>\n<p><b>Contenido:<\/b><\/p>\n<ul>\n<li>Aspectos importantes antes de procesar c\u00e1rnicos<\/li>\n<li>Elaboraci\u00f3n de curados y madurados (jam\u00f3n serrano, prosciutto)<\/li>\n<li>Elaboraci\u00f3n de embutidos madurados (Salami)<\/li>\n<li>Elaboraci\u00f3n de salchicha de res<\/li>\n<li>Elaboraci\u00f3n de chorizo argentino rustico<\/li>\n<li>Elaboraci\u00f3n chorizo chedar-habanero<\/li>\n<li>Elaboraci\u00f3n de queso de puerco artesanal y comercial<\/li>\n<li>Degustaci\u00f3n de todos los productos elaborados<\/li>\n<\/ul>\n<p><strong>Duraci\u00f3n 3:00 hrs<\/strong><br \/>Se comparte al inicio del taller, usb con manual sobre buenas pr\u00e1cticas de procesamiento de alimentos y recetario, posteriormente se manda link para descarga de diploma digital.<\/p>\n<\/div><div class=\"fusion-alert alert custom alert-custom fusion-alert-left awb-alert-native-link-color\" style=\"--awb-background-color:#dcedf4;--awb-accent-color:#005b89;--awb-border-size:0px;--awb-border-top-left-radius:10px;--awb-border-top-right-radius:10px;--awb-border-bottom-left-radius:10px;--awb-border-bottom-right-radius:10px;--awb-margin-top:20px;\" role=\"alert\"><div class=\"fusion-alert-content-wrapper\"><span class=\"alert-icon\"><i class=\"fa-info-circle fas\" aria-hidden=\"true\"><\/i><\/span><span class=\"fusion-alert-content\">*Cupo limitado<\/span><\/div><\/div><\/div><\/div><div class=\"fusion-layout-column fusion_builder_column fusion-builder-column-3 fusion_builder_column_1_3 1_3 fusion-flex-column fusion-animated\" style=\"--awb-bg-color:var(--awb-color1);--awb-bg-color-hover:var(--awb-color1);--awb-bg-size:cover;--awb-width-large:33.333333333333%;--awb-margin-top-large:0px;--awb-spacing-right-large:5.76%;--awb-margin-bottom-large:0px;--awb-spacing-left-large:5.76%;--awb-width-medium:33.333333333333%;--awb-order-medium:0;--awb-spacing-right-medium:5.76%;--awb-spacing-left-medium:5.76%;--awb-width-small:100%;--awb-order-small:0;--awb-spacing-right-small:1.92%;--awb-spacing-left-small:1.92%;\" data-animationType=\"fadeInDown\" data-animationDuration=\"1.0\" data-animationOffset=\"top-into-view\"><div class=\"fusion-column-wrapper fusion-column-has-shadow fusion-flex-justify-content-flex-start fusion-content-layout-column\"><div class=\"fusion-title title fusion-title-3 fusion-sep-none fusion-title-center fusion-title-text fusion-title-size-three\" style=\"--awb-text-color:var(--awb-color1);--awb-margin-bottom:0px;\"><h3 class=\"fusion-title-heading title-heading-center\" style=\"font-family:&quot;Fira Sans Extra Condensed&quot;;font-style:normal;font-weight:700;margin:0;text-transform:none;line-height:1;\"><div style=\"background-color: #5baedf; padding: 15px; text-align: center;\">HAZ NEGOCIO VENDIENDO CARNE MADURADA Y SNACKS DESHIDRATADOS<\/div><\/h3><\/div><div class=\"fusion-text fusion-text-3\" style=\"--awb-line-height:1.5;--awb-margin-right:20px;--awb-margin-left:20px;\"><h5 style=\"text-align: center;\">D\u00eda 29 de abril de 2026<br \/>Horario: 12:00 a 14:40 hrs<\/h5>\n<p style=\"text-align: center;\"><strong>Sal\u00f3n: Dentro de la Expo en el \u00e1rea de talleres t\u00e9cnicos<\/strong><\/p>\n<p>Aprende como madurar carne y participa en este taller pr\u00e1ctico para elaborar productos deshidratados y salazonados con gran demanda.<\/p>\n<p><b>Contenido:<\/b><\/p>\n<ul>\n<li>Principios de la maduraci\u00f3n en c\u00e1rnicos<\/li>\n<li>Tipos y t\u00e9cnicas de maduraci\u00f3n<\/li>\n<li>Productos salazonados y deshidratados<\/li>\n<li>Selecci\u00f3n de piezas<\/li>\n<li>Elaboraci\u00f3n de snacks de carne seca saborizada (mango-habanero, tamarindo-morita, limon-jalape\u00f1o, BBQ-bufalo)<\/li>\n<li>Asignando valor a mi producto (costeo de productos)<\/li>\n<li>Degustaci\u00f3n de productos<\/li>\n<\/ul>\n<p><strong>Duraci\u00f3n 2:40 hrs<\/strong><br \/>Se comparte previo al taller, manual sobre buenas pr\u00e1cticas de procesamiento de alimentos, posteriormente se manda link para descarga de diploma digital.<\/p>\n<\/div><div class=\"fusion-alert alert custom alert-custom fusion-alert-left awb-alert-native-link-color\" style=\"--awb-background-color:#dcedf4;--awb-accent-color:#005b89;--awb-border-size:0px;--awb-border-top-left-radius:10px;--awb-border-top-right-radius:10px;--awb-border-bottom-left-radius:10px;--awb-border-bottom-right-radius:10px;--awb-margin-top:20px;\" role=\"alert\"><div class=\"fusion-alert-content-wrapper\"><span class=\"alert-icon\"><i class=\"fa-info-circle fas\" aria-hidden=\"true\"><\/i><\/span><span class=\"fusion-alert-content\">*Cupo limitado<\/span><\/div><\/div><\/div><\/div><div class=\"fusion-layout-column fusion_builder_column fusion-builder-column-4 fusion_builder_column_1_3 1_3 fusion-flex-column fusion-animated\" style=\"--awb-bg-color:var(--awb-color1);--awb-bg-color-hover:var(--awb-color1);--awb-bg-size:cover;--awb-width-large:33.333333333333%;--awb-margin-top-large:0px;--awb-spacing-right-large:5.76%;--awb-margin-bottom-large:0px;--awb-spacing-left-large:5.76%;--awb-width-medium:33.333333333333%;--awb-order-medium:0;--awb-spacing-right-medium:5.76%;--awb-spacing-left-medium:5.76%;--awb-width-small:100%;--awb-order-small:0;--awb-spacing-right-small:1.92%;--awb-spacing-left-small:1.92%;\" data-animationType=\"fadeInDown\" data-animationDuration=\"1.0\" data-animationOffset=\"top-into-view\"><div class=\"fusion-column-wrapper fusion-column-has-shadow fusion-flex-justify-content-flex-start fusion-content-layout-column\"><div class=\"fusion-title title fusion-title-4 fusion-sep-none fusion-title-center fusion-title-text fusion-title-size-three\" style=\"--awb-text-color:var(--awb-color1);--awb-margin-bottom:0px;\"><h3 class=\"fusion-title-heading title-heading-center\" style=\"font-family:&quot;Fira Sans Extra Condensed&quot;;font-style:normal;font-weight:700;margin:0;text-transform:none;line-height:1;\"><div style=\"background-color: #b33223; padding: 15px; text-align: center;\">AUMENTA TUS INGRESOS OFRECIENDO CORTES DE RES Y CERDO GOURMET<\/div><\/h3><\/div><div class=\"fusion-text fusion-text-4\" style=\"--awb-line-height:1.5;--awb-margin-right:20px;--awb-margin-left:20px;\"><h5 style=\"text-align: center;\">D\u00eda 29 de abril de 2026<br \/>Horario: 15:05 a 17:45 hrs<\/h5>\n<p style=\"text-align: center;\"><strong>Sal\u00f3n: Dentro de la Expo en el \u00e1rea de talleres t\u00e9cnicos<\/strong><\/p>\n<p>&#8211; Mejora tu t\u00e9cnica de corte y aprende como hacer negocio con tu carnicer\u00eda.<br \/>&#8211; Aprende con nuestro profesional, cortes actuales de mayor demanda y mejor pagados.<\/p>\n<p><b>Contenido:<\/b><\/p>\n<ul>\n<li>Buenas pr\u00e1cticas de higiene y procesamiento<\/li>\n<li>Importancia de la cadena fr\u00eda<\/li>\n<li>Reducci\u00f3n de mermas<\/li>\n<li>Nomenclatura nacional e internacional de los principales cortes de res y cerdo<\/li>\n<li>Procesamiento de la canal y obtenci\u00f3n de cortes primarios<\/li>\n<li>Principales cortes de res y cerdo: Comerciales y Gourmet<\/li>\n<li>Asignando valor a mi producto (costeo de productos)<\/li>\n<li>Degustaci\u00f3n de productos<\/li>\n<\/ul>\n<p><strong>Duraci\u00f3n 2:40 hrs.<\/strong><br \/>Se comparte previo al taller, manual sobre buenas pr\u00e1cticas de procesamiento de alimentos, posteriormente se manda link para descarga de diploma digital.<\/p>\n<\/div><div class=\"fusion-alert alert custom alert-custom fusion-alert-left awb-alert-native-link-color\" style=\"--awb-background-color:#dcedf4;--awb-accent-color:#005b89;--awb-border-size:0px;--awb-border-top-left-radius:10px;--awb-border-top-right-radius:10px;--awb-border-bottom-left-radius:10px;--awb-border-bottom-right-radius:10px;--awb-margin-top:20px;\" role=\"alert\"><div class=\"fusion-alert-content-wrapper\"><span class=\"alert-icon\"><i class=\"fa-info-circle fas\" aria-hidden=\"true\"><\/i><\/span><span class=\"fusion-alert-content\">*Cupo limitado<\/span><\/div><\/div><\/div><\/div><div class=\"fusion-layout-column fusion_builder_column fusion-builder-column-5 fusion_builder_column_1_1 1_1 fusion-flex-column fusion-animated\" style=\"--awb-bg-size:cover;--awb-width-large:100%;--awb-margin-top-large:0px;--awb-spacing-right-large:1.92%;--awb-margin-bottom-large:0px;--awb-spacing-left-large:1.92%;--awb-width-medium:100%;--awb-order-medium:0;--awb-spacing-right-medium:1.92%;--awb-spacing-left-medium:1.92%;--awb-width-small:100%;--awb-order-small:0;--awb-spacing-right-small:1.92%;--awb-spacing-left-small:1.92%;\" data-animationType=\"fadeInDown\" data-animationDuration=\"1.0\" data-animationOffset=\"top-into-view\"><div class=\"fusion-column-wrapper fusion-column-has-shadow fusion-flex-justify-content-flex-start fusion-content-layout-column\"><div class=\"fusion-separator fusion-full-width-sep\" style=\"align-self: center;margin-left: auto;margin-right: auto;margin-top:30px;margin-bottom:30px;width:100%;\"><div class=\"fusion-separator-border sep-single sep-dashed\" style=\"--awb-height:20px;--awb-amount:20px;border-color:var(--awb-color3);border-top-width:2px;\"><\/div><\/div><\/div><\/div><div class=\"fusion-layout-column fusion_builder_column fusion-builder-column-6 fusion_builder_column_1_3 1_3 fusion-flex-column fusion-animated\" style=\"--awb-bg-color:var(--awb-color1);--awb-bg-color-hover:var(--awb-color1);--awb-bg-size:cover;--awb-width-large:33.333333333333%;--awb-margin-top-large:0px;--awb-spacing-right-large:5.76%;--awb-margin-bottom-large:0px;--awb-spacing-left-large:5.76%;--awb-width-medium:33.333333333333%;--awb-order-medium:0;--awb-spacing-right-medium:5.76%;--awb-spacing-left-medium:5.76%;--awb-width-small:100%;--awb-order-small:0;--awb-spacing-right-small:1.92%;--awb-spacing-left-small:1.92%;\" data-animationType=\"fadeInDown\" data-animationDuration=\"1.0\" data-animationOffset=\"top-into-view\"><div class=\"fusion-column-wrapper fusion-column-has-shadow fusion-flex-justify-content-flex-start fusion-content-layout-column\"><div class=\"fusion-title title fusion-title-5 fusion-sep-none fusion-title-center fusion-title-text fusion-title-size-three\" style=\"--awb-text-color:var(--awb-color1);--awb-margin-bottom:0px;\"><h3 class=\"fusion-title-heading title-heading-center\" style=\"font-family:&quot;Fira Sans Extra Condensed&quot;;font-style:normal;font-weight:700;margin:0;text-transform:none;line-height:1;\"><div style=\"background-color: #edae3d; padding: 15px; text-align: center;\">INYECTAR Y MARINAR CORTES PARA MEJORAR TU NEGOCIO<\/div><\/h3><\/div><div class=\"fusion-text fusion-text-5\" style=\"--awb-line-height:1.5;--awb-margin-right:20px;--awb-margin-left:20px;\"><h5 style=\"text-align: center;\">D\u00eda 30 de abril de 2026<br \/>Horario: 08:40 a 11:40 hrs<\/h5>\n<p style=\"text-align: center;\"><strong>Sal\u00f3n: Dentro de la Expo en el \u00e1rea de talleres t\u00e9cnicos<\/strong><\/p>\n<p>Taller 99% pr\u00e1ctico de marinado e inyecci\u00f3n de carne, cuando y como marinar o inyectar mejorando mis ganancias.<\/p>\n<p><b>Contenido:<\/b><\/p>\n<ul>\n<li>Aspectos t\u00e9cnicos relevantes del mejoramiento c\u00e1rnico<\/li>\n<li>Elecci\u00f3n de insumos<\/li>\n<li>Formulaci\u00f3n de salmuera para mi negocio<\/li>\n<li>Preparaci\u00f3n de las piezas a marinar e inyectar<\/li>\n<li>Proceso de marinado e inyectado de carnes<\/li>\n<li>Alternativas de valor al inyectado y marinado<\/li>\n<li>Degustaci\u00f3n de productos marinados e inyectados<\/li>\n<\/ul>\n<p><strong>Duraci\u00f3n 3:00 hrs<\/strong><br \/>Se comparte al inicio del taller, usb con manual sobre buenas pr\u00e1cticas de procesamiento de alimentos y recetario, posteriormente se manda link para descarga de diploma digital. <\/p>\n<\/div><div class=\"fusion-alert alert custom alert-custom fusion-alert-left awb-alert-native-link-color\" style=\"--awb-background-color:#dcedf4;--awb-accent-color:#005b89;--awb-border-size:0px;--awb-border-top-left-radius:10px;--awb-border-top-right-radius:10px;--awb-border-bottom-left-radius:10px;--awb-border-bottom-right-radius:10px;--awb-margin-top:20px;\" role=\"alert\"><div class=\"fusion-alert-content-wrapper\"><span class=\"alert-icon\"><i class=\"fa-info-circle fas\" aria-hidden=\"true\"><\/i><\/span><span class=\"fusion-alert-content\">*Cupo limitado<\/span><\/div><\/div><\/div><\/div><div class=\"fusion-layout-column fusion_builder_column fusion-builder-column-7 fusion_builder_column_1_3 1_3 fusion-flex-column fusion-animated\" style=\"--awb-bg-color:var(--awb-color1);--awb-bg-color-hover:var(--awb-color1);--awb-bg-size:cover;--awb-width-large:33.333333333333%;--awb-margin-top-large:0px;--awb-spacing-right-large:5.76%;--awb-margin-bottom-large:0px;--awb-spacing-left-large:5.76%;--awb-width-medium:33.333333333333%;--awb-order-medium:0;--awb-spacing-right-medium:5.76%;--awb-spacing-left-medium:5.76%;--awb-width-small:100%;--awb-order-small:0;--awb-spacing-right-small:1.92%;--awb-spacing-left-small:1.92%;\" data-animationType=\"fadeInDown\" data-animationDuration=\"1.0\" data-animationOffset=\"top-into-view\"><div class=\"fusion-column-wrapper fusion-column-has-shadow fusion-flex-justify-content-flex-start fusion-content-layout-column\"><div class=\"fusion-title title fusion-title-6 fusion-sep-none fusion-title-center fusion-title-text fusion-title-size-three\" style=\"--awb-text-color:var(--awb-color1);--awb-margin-bottom:0px;\"><h3 class=\"fusion-title-heading title-heading-center\" style=\"font-family:&quot;Fira Sans Extra Condensed&quot;;font-style:normal;font-weight:700;margin:0;text-transform:none;line-height:1;\"><div style=\"background-color: #b33223; padding: 15px; text-align: center;\">AUMENTA TUS INGRESOS OFRECIENDO CORTES DE RES Y CERDO GOURMET<\/div><\/h3><\/div><div class=\"fusion-text fusion-text-6\" style=\"--awb-line-height:1.5;--awb-margin-right:20px;--awb-margin-left:20px;\"><h5 style=\"text-align: center;\">D\u00eda 30 de abril de 2026<br \/>Horario: 12:00 a 14:40 hrs<\/h5>\n<p style=\"text-align: center;\"><strong>Sal\u00f3n: Dentro de la Expo en el \u00e1rea de talleres t\u00e9cnicos<\/strong><\/p>\n<p>&#8211; Mejora tu t\u00e9cnica de corte y aprende como hacer negocio con tu carnicer\u00eda.<br \/>&#8211; Aprende con nuestro profesional, cortes actuales de mayor demanda y mejor pagados.<\/p>\n<p><b>Contenido:<\/b><\/p>\n<ul>\n<li>Buenas pr\u00e1cticas de higiene y procesamiento<\/li>\n<li>Importancia de la cadena fr\u00eda<\/li>\n<li>Reducci\u00f3n de mermas<\/li>\n<li>Nomenclatura nacional e internacional de los principales cortes de res y cerdo<\/li>\n<li>Procesamiento de la canal y obtenci\u00f3n de cortes primarios<\/li>\n<li>Principales cortes de res y cerdo: Comerciales y Gourmet<\/li>\n<li>Asignando valor a mi producto (costeo de productos)<\/li>\n<li>Degustaci\u00f3n de productos<\/li>\n<\/ul>\n<p><strong>Duraci\u00f3n 2:40 hrs.<\/strong><br \/>Se comparte previo al taller, manual sobre buenas pr\u00e1cticas de procesamiento de alimentos, posteriormente se manda link para descarga de diploma digital.<\/p>\n<\/div><div class=\"fusion-alert alert custom alert-custom fusion-alert-left awb-alert-native-link-color\" style=\"--awb-background-color:#dcedf4;--awb-accent-color:#005b89;--awb-border-size:0px;--awb-border-top-left-radius:10px;--awb-border-top-right-radius:10px;--awb-border-bottom-left-radius:10px;--awb-border-bottom-right-radius:10px;--awb-margin-top:20px;\" role=\"alert\"><div class=\"fusion-alert-content-wrapper\"><span class=\"alert-icon\"><i class=\"fa-info-circle fas\" aria-hidden=\"true\"><\/i><\/span><span class=\"fusion-alert-content\">*Cupo limitado<\/span><\/div><\/div><\/div><\/div><div class=\"fusion-layout-column fusion_builder_column fusion-builder-column-8 fusion_builder_column_1_3 1_3 fusion-flex-column fusion-animated\" style=\"--awb-bg-color:var(--awb-color1);--awb-bg-color-hover:var(--awb-color1);--awb-bg-size:cover;--awb-width-large:33.333333333333%;--awb-margin-top-large:0px;--awb-spacing-right-large:5.76%;--awb-margin-bottom-large:0px;--awb-spacing-left-large:5.76%;--awb-width-medium:33.333333333333%;--awb-order-medium:0;--awb-spacing-right-medium:5.76%;--awb-spacing-left-medium:5.76%;--awb-width-small:100%;--awb-order-small:0;--awb-spacing-right-small:1.92%;--awb-spacing-left-small:1.92%;\" data-animationType=\"fadeInDown\" data-animationDuration=\"1.0\" data-animationOffset=\"top-into-view\"><div class=\"fusion-column-wrapper fusion-column-has-shadow fusion-flex-justify-content-flex-start fusion-content-layout-column\"><div class=\"fusion-title title fusion-title-7 fusion-sep-none fusion-title-center fusion-title-text fusion-title-size-three\" style=\"--awb-text-color:var(--awb-color1);--awb-margin-bottom:0px;\"><h3 class=\"fusion-title-heading title-heading-center\" style=\"font-family:&quot;Fira Sans Extra Condensed&quot;;font-style:normal;font-weight:700;margin:0;text-transform:none;line-height:1;\"><div style=\"background-color: #5baedf; padding: 15px; text-align: center;\">HAZ NEGOCIO VENDIENDO CARNE MADURADA Y SNACKS DESHIDRATADOS<\/div><\/h3><\/div><div class=\"fusion-text fusion-text-7\" style=\"--awb-line-height:1.5;--awb-margin-right:20px;--awb-margin-left:20px;\"><h5 style=\"text-align: center;\">D\u00eda 30 de abril de 2026<br \/>Horario: 15:05 a 17:45 hrs<\/h5>\n<p style=\"text-align: center;\"><strong>Sal\u00f3n: Dentro de la Expo en el \u00e1rea de talleres t\u00e9cnicos<\/strong><\/p>\n<p>Aprende como madurar carne y participa en este taller pr\u00e1ctico para elaborar productos deshidratados y salazonados con gran demanda.<\/p>\n<p><b>Contenido:<\/b><\/p>\n<ul>\n<li>Principios de la maduraci\u00f3n en c\u00e1rnicos<\/li>\n<li>Tipos y t\u00e9cnicas de maduraci\u00f3n<\/li>\n<li>Productos salazonados y deshidratados<\/li>\n<li>Selecci\u00f3n de piezas<\/li>\n<li>Elaboraci\u00f3n de snacks de carne seca saborizada (mango-habanero, tamarindo-morita, limon-jalape\u00f1o, BBQ-bufalo)<\/li>\n<li>Asignando valor a mi producto (costeo de productos)<\/li>\n<li>Degustaci\u00f3n de productos<\/li>\n<\/ul>\n<p><strong>Duraci\u00f3n 2:40 hrs<\/strong><br \/>Se comparte previo al taller, manual sobre buenas pr\u00e1cticas de procesamiento de alimentos, posteriormente se manda link para descarga de diploma digital.<\/p>\n<\/div><div class=\"fusion-alert alert custom alert-custom fusion-alert-left awb-alert-native-link-color\" style=\"--awb-background-color:#dcedf4;--awb-accent-color:#005b89;--awb-border-size:0px;--awb-border-top-left-radius:10px;--awb-border-top-right-radius:10px;--awb-border-bottom-left-radius:10px;--awb-border-bottom-right-radius:10px;--awb-margin-top:20px;\" role=\"alert\"><div class=\"fusion-alert-content-wrapper\"><span class=\"alert-icon\"><i class=\"fa-info-circle fas\" aria-hidden=\"true\"><\/i><\/span><span class=\"fusion-alert-content\">*Cupo limitado<\/span><\/div><\/div><\/div><\/div><\/div><\/div><\/p>\n","protected":false},"excerpt":{"rendered":"","protected":false},"author":1,"featured_media":0,"parent":0,"menu_order":0,"comment_status":"closed","ping_status":"closed","template":"100-width.php","meta":{"footnotes":""},"class_list":["post-1268","page","type-page","status-publish","hentry"],"_links":{"self":[{"href":"https:\/\/congresodelacarne.com\/2026\/wp-json\/wp\/v2\/pages\/1268","targetHints":{"allow":["GET"]}}],"collection":[{"href":"https:\/\/congresodelacarne.com\/2026\/wp-json\/wp\/v2\/pages"}],"about":[{"href":"https:\/\/congresodelacarne.com\/2026\/wp-json\/wp\/v2\/types\/page"}],"author":[{"embeddable":true,"href":"https:\/\/congresodelacarne.com\/2026\/wp-json\/wp\/v2\/users\/1"}],"replies":[{"embeddable":true,"href":"https:\/\/congresodelacarne.com\/2026\/wp-json\/wp\/v2\/comments?post=1268"}],"version-history":[{"count":6,"href":"https:\/\/congresodelacarne.com\/2026\/wp-json\/wp\/v2\/pages\/1268\/revisions"}],"predecessor-version":[{"id":4216,"href":"https:\/\/congresodelacarne.com\/2026\/wp-json\/wp\/v2\/pages\/1268\/revisions\/4216"}],"wp:attachment":[{"href":"https:\/\/congresodelacarne.com\/2026\/wp-json\/wp\/v2\/media?parent=1268"}],"curies":[{"name":"wp","href":"https:\/\/api.w.org\/{rel}","templated":true}]}}